{"id":1453,"date":"2025-04-05T23:04:11","date_gmt":"2025-04-05T23:04:11","guid":{"rendered":"https:\/\/events.cleverix.ma\/?page_id=1453"},"modified":"2025-06-04T10:39:38","modified_gmt":"2025-06-04T10:39:38","slug":"agence-team-building-marrakech","status":"publish","type":"page","link":"https:\/\/edenmyevent.com\/en\/agence-team-building-marrakech\/","title":{"rendered":"Agence Team Building"},"content":{"rendered":"<div data-elementor-type=\"wp-page\" data-elementor-id=\"1453\" class=\"elementor elementor-1453\">\n\t\t\t\t<div class=\"elementor-element elementor-element-2e4f5ea e-flex e-con-boxed e-con e-parent\" data-id=\"2e4f5ea\" data-element_type=\"container\" data-settings=\"{&quot;background_background&quot;:&quot;classic&quot;}\">\n\t\t\t\t\t<div class=\"e-con-inner\">\n\t\t\t\t<div class=\"elementor-element elementor-element-164b296 elementor-invisible elementor-widget elementor-widget-heading\" data-id=\"164b296\" data-element_type=\"widget\" data-settings=\"{&quot;_animation&quot;:&quot;fadeIn&quot;}\" data-widget_type=\"heading.default\">\n\t\t\t\t<div class=\"elementor-widget-container\">\n\t\t\t\t\t<h1 class=\"elementor-heading-title elementor-size-default\">Team Building Agency in Marrakech<\/h1>\t\t\t\t<\/div>\n\t\t\t\t<\/div>\n\t\t\t\t<div class=\"elementor-element elementor-element-435f02e elementor-invisible elementor-widget elementor-widget-text-editor\" data-id=\"435f02e\" data-element_type=\"widget\" data-settings=\"{&quot;_animation&quot;:&quot;fadeInUp&quot;}\" data-widget_type=\"text-editor.default\">\n\t\t\t\t<div class=\"elementor-widget-container\">\n\t\t\t\t\t\t\t\t\t<p class=\"translation-block\">Strengthen your team's cohesion with <a href=\"https:\/\/edenmyevent.com\/en\/\" target=\"_self\"><strong>Eden My Event<\/strong><\/a>, your agency specializing in organizing <a href=\"https:\/\/edenmyevent.com\/en\/agence-team-building-marrakech\/\" target=\"\u201c_self\u201d\"><strong>team building activities in Marrakech<\/strong><\/a>. We offer unique and engaging experiences that promote collaboration, communication, and motivation within your teams. Whether in the bustling Medina, lush gardens, or majestic desert, we create memorable moments to strengthen professional bonds.<\/p>\t\t\t\t\t\t\t\t<\/div>\n\t\t\t\t<\/div>\n\t\t\t\t\t<\/div>\n\t\t\t\t<\/div>\n\t\t<div class=\"elementor-element elementor-element-75c6a20 e-con-full e-flex e-con e-parent\" data-id=\"75c6a20\" data-element_type=\"container\">\n\t\t\t\t<div class=\"elementor-element elementor-element-25606e1 sectio_h2 elementor-widget elementor-widget-teconce_about_v2\" data-id=\"25606e1\" data-element_type=\"widget\" data-widget_type=\"teconce_about_v2.default\">\n\t\t\t\t<div class=\"elementor-widget-container\">\n\t\t\t\t\t        <!-- ABOUT OUR COMPANY START-->\n        <div class=\"sw__about-company pt-100 pb-70 sw--Bg-color-Gray80\">\n            <div class=\"sw__about-company-wrapper\">\n                <div class=\"container container-1290\">\n                    <div class=\"row align-items-center g-30\">\n                        <div class=\"col-lg-6\">\n                            <div class=\"sw__about-company-image position-relative\">\n                                <div class=\"sw__about-company-image-main\">\n                                    <img decoding=\"async\" class=\"sw--border-radius\" src=\"https:\/\/edenmyevent.com\/wp-content\/uploads\/2025\/04\/Mask-Group-12.jpg\" alt=\"\">\n                                <\/div>\n                                <div class=\"sw__about-company-image-card pt-30 pl-55 pr-55 pb-40 sw--Bg-color-white text-center sw--border-radius\">\n                                    <img decoding=\"async\" src=\"\" alt=\"\">\n                                    <h4 class=\"sw--fs-21 sw--color-black-900  pt-15\"><\/h4>\n                                    <p class=\"sw--fs-16 sw--color-black-900\"><\/p>\n                                <\/div>\n                                                                <div class=\"sw__about-company-shape d-none d-xl-block\">\n                                    <img decoding=\"async\" src=\"https:\/\/bissful.main.themepreview.xyz\/home01\/wp-content\/uploads\/sites\/2\/2024\/04\/about-company-shape.png\" alt=\"\">\n                                <\/div>\n                                                            <\/div>\n                        <\/div>\n                        <div class=\"col-lg-6\">\n                            <div class=\"sw__about-company-content\">\n                                <h6 class=\"sw__about-company-content-sub-title sw--fs-12 sw--color-brown  mb-10\"><\/h6>\n                                <h2 class=\"sw__about-company-content-title sw--fs-50 sw--color-black-900  mb-20\">Our Team Building Activities<\/h2>\n                                <p class=\"sw__about-company-content-text sw--fs-16 sw--color-black-800\">At Eden My Event , we design tailor-made activities to meet your company's specific needs :\n<\/p>\n                                <div class=\"sw__about-company-content-list pt-30\">\n                                    <ul>\n\t\t\t\t\t\t\t\t\t\t                                            <li class=\"sw--fs-21 sw--color-black-900  d-flex align-items-center gap-3\">\n\t\t\t\t\t\t\t\t\t\t\t\t\t\t\t\t\t\t\t\t\t\t\t\tTreasure hunts in the Medina: Explore Marrakech's picturesque alleyways while solving riddles as a team.                                            <\/li>\n\t\t\t\t\t\t\t\t\t\t                                            <li class=\"sw--fs-21 sw--color-black-900  d-flex align-items-center gap-3\">\n\t\t\t\t\t\t\t\t\t\t\t\t\t\t\t\t\t\t\t\t\t\t\t\tMoroccan Culinary Workshops: Learn how to prepare traditional Moroccan dishes together, a convivial and tasty experience.                                            <\/li>\n\t\t\t\t\t\t\t\t\t\t                                            <li class=\"sw--fs-21 sw--color-black-900  d-flex align-items-center gap-3\">\n\t\t\t\t\t\t\t\t\t\t\t\t\t\t\t\t\t\t\t\t\t\t\t\tQuad biking or 4x4 adventures in the Atlas mountains: Strengthen team spirit on a sporting getaway through spectacular mountain scenery.                                            <\/li>\n\t\t\t\t\t\t\t\t\t\t                                            <li class=\"sw--fs-21 sw--color-black-900  d-flex align-items-center gap-3\">\n\t\t\t\t\t\t\t\t\t\t\t\t\t\t\t\t\t\t\t\t\t\t\t\tCreative Workshops: Introduce yourself to Moroccan crafts, such as pottery and weaving, to stimulate collective creativity.                                            <\/li>\n\t\t\t\t\t\t\t\t\t\t                                    <\/ul>\n                                <\/div>\n\t\t\t\t\t\t\t\t                            <\/div>\n                        <\/div>\n                    <\/div>\n                <\/div>\n            <\/div>\n        <\/div>\n        <!-- ABOUT OUR COMPANY END -->\n\t\t\t\t\t\t<\/div>\n\t\t\t\t<\/div>\n\t\t\t\t<\/div>\n\t\t<div class=\"elementor-element elementor-element-e55645f e-con-full e-flex e-con e-parent\" data-id=\"e55645f\" data-element_type=\"container\">\n\t\t\t\t<div class=\"elementor-element elementor-element-d85edc6 elementor-widget elementor-widget-teconce_contact\" data-id=\"d85edc6\" data-element_type=\"widget\" data-widget_type=\"teconce_contact.default\">\n\t\t\t\t<div class=\"elementor-widget-container\">\n\t\t\t\t\t        <!-- Contact Start-->\n        <section class=\"sw__contact pt-160 pb-150 position-relative\">\n            <div class=\"sw__contact-wrapper position-relative\">\n                <div class=\"container container-1290\">\n                    <div class=\"row\">\n                        <div class=\"col-lg-6\">\n                            <div class=\"sw__contact-content\">\n\t\t\t\t\t\t\t\t\t\t\t\t\t\t\t\t                                    <h2 class=\"sw__contact-title sw__pricing-title sw--fs-50 sw--color-white\">\n\t\t\t\t\t\t\t\t\t\tOur activities are designed to strengthen trust, communication and collaboration between your employees.\n                                    <\/h2>\n\t\t\t\t\t\t\t\t\t\t\t\t\t\t\t\t                            <\/div>\n                        <\/div>\n                        <div class=\"col-lg-6\">\n                            <div class=\"sw__contact-form\">\n\t\t\t\t\t\t\t\t                                    <p class=\"sw--fs-12 sw--color-brown  text-center\">CONTACT US<\/p>\n\t\t\t\t\t\t\t\t\t\t\t\t\t\t\t\t                                    <h2 class=\"sw--fs-50 sw--color-brown  text-center\">Request information<\/h2>\n\t\t\t\t\t\t\t\t\t\t\t\t\t\t\t\t\n<div class=\"wpcf7 no-js\" id=\"wpcf7-f208-o1\" lang=\"en-US\" dir=\"ltr\" data-wpcf7-id=\"208\">\n<div class=\"screen-reader-response\"><p role=\"status\" aria-live=\"polite\" aria-atomic=\"true\"><\/p> <ul><\/ul><\/div>\n<form action=\"\/en\/wp-json\/wp\/v2\/pages\/1453#wpcf7-f208-o1\" method=\"post\" class=\"wpcf7-form init\" aria-label=\"Contact form\" novalidate=\"novalidate\" data-status=\"init\" data-trp-original-action=\"\/en\/wp-json\/wp\/v2\/pages\/1453#wpcf7-f208-o1\">\n<fieldset class=\"hidden-fields-container\"><input type=\"hidden\" name=\"_wpcf7\" value=\"208\" \/><input type=\"hidden\" name=\"_wpcf7_version\" value=\"6.1.5\" \/><input type=\"hidden\" name=\"_wpcf7_locale\" value=\"en_US\" \/><input type=\"hidden\" name=\"_wpcf7_unit_tag\" value=\"wpcf7-f208-o1\" \/><input type=\"hidden\" name=\"_wpcf7_container_post\" value=\"0\" \/><input type=\"hidden\" name=\"_wpcf7_posted_data_hash\" value=\"\" \/>\n<\/fieldset>\n<div class=\"sw__contact-home-one pt-50 wow fadeInUp\" data-wow-delay=\"0.5s\">\n                  <div class=\"row g-3\">\n                    <div class=\"col-md-6\">\n<span class=\"wpcf7-form-control-wrap\" data-name=\"your-name\"><input size=\"40\" maxlength=\"400\" class=\"wpcf7-form-control wpcf7-text form-control\" aria-invalid=\"false\" placeholder=\"Full name\" value=\"\" type=\"text\" name=\"your-name\" \/><\/span>\n                    <\/div>\n                    <div class=\"col-md-6\">\n                          <span class=\"wpcf7-form-control-wrap\" data-name=\"your-mail\"><input size=\"40\" maxlength=\"400\" class=\"wpcf7-form-control wpcf7-email wpcf7-text wpcf7-validates-as-email form-control\" aria-invalid=\"false\" placeholder=\"Email\" value=\"\" type=\"email\" name=\"your-mail\" \/><\/span>\n                    <\/div>\n                    <div class=\"col-md-6\">\n<span class=\"wpcf7-form-control-wrap\" data-name=\"tel-202\"><input size=\"40\" maxlength=\"400\" class=\"wpcf7-form-control wpcf7-tel wpcf7-text wpcf7-validates-as-tel form-control\" aria-invalid=\"false\" placeholder=\"Phone\" value=\"\" type=\"tel\" name=\"tel-202\" \/><\/span>\n                    <\/div>\n                    <div class=\"col-md-6\">\n<span class=\"wpcf7-form-control-wrap\" data-name=\"service\"><input size=\"40\" maxlength=\"400\" class=\"wpcf7-form-control wpcf7-text form-control\" aria-invalid=\"false\" placeholder=\"Service\" value=\"\" type=\"text\" name=\"service\" \/><\/span>\n                    <\/div>\n                    <div class=\"col-12\">\n<span class=\"wpcf7-form-control-wrap\" data-name=\"textarea-650\"><textarea cols=\"40\" rows=\"10\" maxlength=\"2000\" class=\"wpcf7-form-control wpcf7-textarea form-control\" aria-invalid=\"false\" placeholder=\"Message\" name=\"textarea-650\"><\/textarea><\/span>\n                    <\/div>\n                    <div class=\"col-12\">\n                      <div class=\"row\">\n                        <div class=\"col-lg-12\">\n\n                        \n                            <input class=\"wpcf7-form-control wpcf7-submit has-spinner btn-contact\" type=\"submit\" value=\"Envoyer\" \/>\n                     \n\n                        <\/div>\n                      <\/div>\n                    <\/div>\n                  <\/div>\n                <\/div><div class=\"wpcf7-response-output\" aria-hidden=\"true\"><\/div>\n<input type=\"hidden\" name=\"trp-form-language\" value=\"en\"\/><\/form>\n<\/div>\n                            <\/div>\n                        <\/div>\n                    <\/div>\n\n                <\/div>\n            <\/div>\n        <\/section>\n        <!-- Contact Start-->\n\t\t\t\t\t\t<\/div>\n\t\t\t\t<\/div>\n\t\t\t\t<\/div>\n\t\t<div class=\"elementor-element elementor-element-3e01e4c e-con-full e-flex e-con e-parent\" data-id=\"3e01e4c\" data-element_type=\"container\" data-settings=\"{&quot;background_background&quot;:&quot;classic&quot;}\">\n\t\t<div class=\"elementor-element elementor-element-f7309a2 e-flex e-con-boxed e-con e-child\" data-id=\"f7309a2\" data-element_type=\"container\">\n\t\t\t\t\t<div class=\"e-con-inner\">\n\t\t<div class=\"elementor-element elementor-element-ec13b8a e-con-full e-flex e-con e-child\" data-id=\"ec13b8a\" data-element_type=\"container\" data-settings=\"{&quot;background_background&quot;:&quot;classic&quot;}\">\n\t\t\t\t<\/div>\n\t\t<div class=\"elementor-element elementor-element-b84ee54 e-con-full e-flex e-con e-child\" data-id=\"b84ee54\" data-element_type=\"container\">\n\t\t\t\t<div class=\"elementor-element elementor-element-03135aa elementor-widget elementor-widget-heading\" data-id=\"03135aa\" data-element_type=\"widget\" data-widget_type=\"heading.default\">\n\t\t\t\t<div class=\"elementor-widget-container\">\n\t\t\t\t\t<h2 class=\"elementor-heading-title elementor-size-default\">Why choose Marrakech for Team Building?<\/h2>\t\t\t\t<\/div>\n\t\t\t\t<\/div>\n\t\t\t\t<div class=\"elementor-element elementor-element-69debfa elementor-widget elementor-widget-text-editor\" data-id=\"69debfa\" data-element_type=\"widget\" data-widget_type=\"text-editor.default\">\n\t\t\t\t<div class=\"elementor-widget-container\">\n\t\t\t\t\t\t\t\t\tMarrakech is a unique destination for stimulating and rewarding team-building activities:\n\t\t\t\t\t\t\t\t<\/div>\n\t\t\t\t<\/div>\n\t\t\t\t<div class=\"elementor-element elementor-element-1e53aae elementor-icon-list--layout-traditional elementor-list-item-link-full_width elementor-widget elementor-widget-icon-list\" data-id=\"1e53aae\" data-element_type=\"widget\" data-widget_type=\"icon-list.default\">\n\t\t\t\t<div class=\"elementor-widget-container\">\n\t\t\t\t\t\t\t<ul class=\"elementor-icon-list-items\">\n\t\t\t\t\t\t\t<li class=\"elementor-icon-list-item\">\n\t\t\t\t\t\t\t\t\t\t\t<span class=\"elementor-icon-list-icon\">\n\t\t\t\t\t\t\t<i aria-hidden=\"true\" class=\"far fa-dot-circle\"><\/i>\t\t\t\t\t\t<\/span>\n\t\t\t\t\t\t\t\t\t\t<span class=\"elementor-icon-list-text\">Variety of activities: From the historic Medina to the Atlas Mountains, the region offers an infinite variety of settings and experiences.<\/span>\n\t\t\t\t\t\t\t\t\t<\/li>\n\t\t\t\t\t\t\t\t<li class=\"elementor-icon-list-item\">\n\t\t\t\t\t\t\t\t\t\t\t<span class=\"elementor-icon-list-icon\">\n\t\t\t\t\t\t\t<i aria-hidden=\"true\" class=\"far fa-dot-circle\"><\/i>\t\t\t\t\t\t<\/span>\n\t\t\t\t\t\t\t\t\t\t<span class=\"elementor-icon-list-text\">Inspiring setting: Between its exotic gardens, traditional riads and starry skies, Marrakech creates an atmosphere conducive to relaxation and creativity.<\/span>\n\t\t\t\t\t\t\t\t\t<\/li>\n\t\t\t\t\t\t\t\t<li class=\"elementor-icon-list-item\">\n\t\t\t\t\t\t\t\t\t\t\t<span class=\"elementor-icon-list-icon\">\n\t\t\t\t\t\t\t<i aria-hidden=\"true\" class=\"far fa-dot-circle\"><\/i>\t\t\t\t\t\t<\/span>\n\t\t\t\t\t\t\t\t\t\t<span class=\"elementor-icon-list-text\">Cultural richness: Immerse yourself in Moroccan culture through its traditions, gastronomy and crafts.<\/span>\n\t\t\t\t\t\t\t\t\t<\/li>\n\t\t\t\t\t\t\t\t<li class=\"elementor-icon-list-item\">\n\t\t\t\t\t\t\t\t\t\t\t<span class=\"elementor-icon-list-icon\">\n\t\t\t\t\t\t\t<i aria-hidden=\"true\" class=\"far fa-dot-circle\"><\/i>\t\t\t\t\t\t<\/span>\n\t\t\t\t\t\t\t\t\t\t<span class=\"elementor-icon-list-text\">International accessibility: A modern airport connected to the world's major cities to facilitate access for your teams.<\/span>\n\t\t\t\t\t\t\t\t\t<\/li>\n\t\t\t\t\t\t<\/ul>\n\t\t\t\t\t\t<\/div>\n\t\t\t\t<\/div>\n\t\t\t\t<div class=\"elementor-element elementor-element-8618dfe elementor-widget elementor-widget-text-editor\" data-id=\"8618dfe\" data-element_type=\"widget\" data-widget_type=\"text-editor.default\">\n\t\t\t\t<div class=\"elementor-widget-container\">\n\t\t\t\t\t\t\t\t\t<p>With Eden My Event , take advantage of an exceptional setting to strengthen your team's cohesion.<\/p>\t\t\t\t\t\t\t\t<\/div>\n\t\t\t\t<\/div>\n\t\t\t\t<\/div>\n\t\t\t\t\t<\/div>\n\t\t\t\t<\/div>\n\t\t\t\t<\/div>\n\t\t<div class=\"elementor-element elementor-element-6f423ad e-flex e-con-boxed e-con e-parent\" data-id=\"6f423ad\" data-element_type=\"container\">\n\t\t\t\t\t<div class=\"e-con-inner\">\n\t\t\t\t<div class=\"elementor-element elementor-element-d933843 elementor-invisible elementor-widget elementor-widget-heading\" data-id=\"d933843\" data-element_type=\"widget\" data-settings=\"{&quot;_animation&quot;:&quot;fadeIn&quot;}\" data-widget_type=\"heading.default\">\n\t\t\t\t<div class=\"elementor-widget-container\">\n\t\t\t\t\t<h2 class=\"elementor-heading-title elementor-size-default\">Other MICE services<\/h2>\t\t\t\t<\/div>\n\t\t\t\t<\/div>\n\t\t\t\t<div class=\"elementor-element elementor-element-48ab15f elementor-invisible elementor-widget elementor-widget-text-editor\" data-id=\"48ab15f\" data-element_type=\"widget\" data-settings=\"{&quot;_animation&quot;:&quot;fadeInUp&quot;}\" data-widget_type=\"text-editor.default\">\n\t\t\t\t<div class=\"elementor-widget-container\">\n\t\t\t\t\t\t\t\t\t<p>In addition to team building activities, Eden My Event offers a full range of MICE services to meet all your event needs:<\/p>\t\t\t\t\t\t\t\t<\/div>\n\t\t\t\t<\/div>\n\t\t\t\t\t<\/div>\n\t\t\t\t<\/div>\n\t\t<div class=\"elementor-element elementor-element-ca073d8 e-con-full e-flex e-con e-parent\" data-id=\"ca073d8\" data-element_type=\"container\" data-settings=\"{&quot;background_background&quot;:&quot;classic&quot;}\">\n\t\t\t\t<div class=\"elementor-element elementor-element-a8f4fe3 ekit-image-accordion-mobile-vertical ekit-image-accordion-horizontal ekit-image-accordion-click elementor-widget elementor-widget-elementskit-image-accordion\" data-id=\"a8f4fe3\" data-element_type=\"widget\" data-widget_type=\"elementskit-image-accordion.default\">\n\t\t\t\t<div class=\"elementor-widget-container\">\n\t\t\t\t\t<div class=\"ekit-wid-con\" >\t\t<div class=\"ekit-image-accordion elementskit-image-accordion-wraper\">\n\t\t\t                <input type=\"radio\" name=\"ekit_ia_a8f4fe3\" id=\"ekit_ia_a8f4fe3_0\" class=\"elementskit-single-image-accordion--input\" checked=\"checked\" hidden>\n                <label for=\"ekit_ia_a8f4fe3_0\" class=\"elementskit-single-image-accordion ekit-image-accordion-item\" style=\"background-image: url(https:\/\/edenmyevent.com\/wp-content\/uploads\/2024\/05\/Rectangle-2295-1.jpg)\" data-link=\"{&quot;url&quot;:&quot;&quot;,&quot;is_external&quot;:&quot;&quot;,&quot;nofollow&quot;:&quot;&quot;,&quot;custom_attributes&quot;:&quot;&quot;}\" data-behavior=\"click\" data-active=\"yes\">\n                    <span class=\"elementskit-accordion-content\">\n\t\t\t\t\t\t\t\t\t\t\t\t\t<span class=\"elementskit-icon-wraper ekit-image-accordion-actions\">\n\t\t\t\t\t\t\t\t\t\t\t\t\t\t\t\t\t\t\t\t\t\t\t<a href=\"https:\/\/edenmyevent.com\/en\/incentive-a-marrakech\/\" role=\"link\" aria-label=\"button-link\" class=\"icon-outline circle\">\n\t\t\t\t\t\t\t\t\t<i aria-hidden=\"true\" class=\"icon icon icon-link\"><\/i>\t\t\t\t\t\t\t\t\t<\/a>\n\t\t\t\t\t\t\t\t\t\t\t\t\t\t\t<\/span>\n\t\t\t\t\t\t\t\t\t\t\t\t\t\t<span class=\"elementskit-accordion-title-wraper\">\n\t\t\t\t\t\t\t\t<span class=\"elementskit-accordion-title\">\n\t\t\t\t\t\t\t\t\n\t\t\t\t\t\t\t\tIncentive\n\t\t\t\t\t\t\t\t\t\t\t\t\t\t\t\t<\/span>\n\t\t\t\t\t\t\t<\/span>\n\t\t\t\t\t\t\t\t\t\t\t\t\t\t<span class=\"elementskit-btn-wraper\">\n\t\t\t\t\t\t\t\t<a class=\"ekit-image-accordion--btn elementskit-btn whitespace--normal\" >\n\t\t\t\t\t\t\t\t\tReward your employees with incentive programs in Marrakech, where luxury meets authenticity. Offer them exceptional stays in sumptuous palaces, desert getaways under starry skies, or private parties in enchanting settings. With Eden My Event, every detail is carefully orchestrated to motivate your teams, reinforce their commitment and offer them an unforgettable experience.\t\t\t\t\t\t\t\t<\/a>\n\t\t\t\t\t\t\t<\/span>\n\t\t\t\t\t\t                    <\/span>\n                <\/label>\n                            <input type=\"radio\" name=\"ekit_ia_a8f4fe3\" id=\"ekit_ia_a8f4fe3_1\" class=\"elementskit-single-image-accordion--input\" hidden>\n                <label for=\"ekit_ia_a8f4fe3_1\" class=\"elementskit-single-image-accordion ekit-image-accordion-item\" style=\"background-image: url(https:\/\/edenmyevent.com\/wp-content\/uploads\/2025\/04\/1384706_original.jpg)\" data-link=\"{&quot;url&quot;:&quot;&quot;,&quot;is_external&quot;:&quot;&quot;,&quot;nofollow&quot;:&quot;&quot;,&quot;custom_attributes&quot;:&quot;&quot;}\" data-behavior=\"click\" data-active=\"\">\n                    <span class=\"elementskit-accordion-content\">\n\t\t\t\t\t\t\t\t\t\t\t\t\t<span class=\"elementskit-icon-wraper ekit-image-accordion-actions\">\n\t\t\t\t\t\t\t\t\t\t\t\t\t\t\t\t\t\t\t\t\t\t\t<a href=\"https:\/\/edenmyevent.com\/en\/organisation-seminaire-congres-a-marrakech\/\" role=\"link\" aria-label=\"button-link\" class=\"icon-outline circle\">\n\t\t\t\t\t\t\t\t\t<i aria-hidden=\"true\" class=\"icon icon icon-link\"><\/i>\t\t\t\t\t\t\t\t\t<\/a>\n\t\t\t\t\t\t\t\t\t\t\t\t\t\t\t<\/span>\n\t\t\t\t\t\t\t\t\t\t\t\t\t\t<span class=\"elementskit-accordion-title-wraper\">\n\t\t\t\t\t\t\t\t<span class=\"elementskit-accordion-title\">\n\t\t\t\t\t\t\t\t\n\t\t\t\t\t\t\t\tCongr\u00e8s \/ S\u00e9minaire\n\t\t\t\t\t\t\t\t\t\t\t\t\t\t\t\t<\/span>\n\t\t\t\t\t\t\t<\/span>\n\t\t\t\t\t\t\t\t\t\t\t\t\t\t<span class=\"elementskit-btn-wraper\">\n\t\t\t\t\t\t\t\t<a class=\"ekit-image-accordion--btn elementskit-btn whitespace--normal\" >\n\t\t\t\t\t\t\t\t\tHost successful congresses and seminars in Marrakech with our expertise. Our tailor-made solutions include full event management: selection of suitable venues, seamless logistical organization, and interactive activities to stimulate networking. We ensure that every participant remains engaged and that your professional objectives are fully achieved in an inspiring setting.\t\t\t\t\t\t\t\t<\/a>\n\t\t\t\t\t\t\t<\/span>\n\t\t\t\t\t\t                    <\/span>\n                <\/label>\n                            <input type=\"radio\" name=\"ekit_ia_a8f4fe3\" id=\"ekit_ia_a8f4fe3_2\" class=\"elementskit-single-image-accordion--input\" hidden>\n                <label for=\"ekit_ia_a8f4fe3_2\" class=\"elementskit-single-image-accordion ekit-image-accordion-item\" style=\"background-image: url(https:\/\/edenmyevent.com\/wp-content\/uploads\/2025\/04\/241215-fete-entreprises.jpg)\" data-link=\"{&quot;url&quot;:&quot;&quot;,&quot;is_external&quot;:&quot;&quot;,&quot;nofollow&quot;:&quot;&quot;,&quot;custom_attributes&quot;:&quot;&quot;}\" data-behavior=\"click\" data-active=\"\">\n                    <span class=\"elementskit-accordion-content\">\n\t\t\t\t\t\t\t\t\t\t\t\t\t<span class=\"elementskit-icon-wraper ekit-image-accordion-actions\">\n\t\t\t\t\t\t\t\t\t\t\t\t\t\t\t\t\t\t\t\t\t\t\t<a href=\"https:\/\/edenmyevent.com\/en\/organisation-soiree-gala-marrakech\/\" role=\"link\" aria-label=\"button-link\" class=\"icon-outline circle\">\n\t\t\t\t\t\t\t\t\t<i aria-hidden=\"true\" class=\"icon icon icon-link\"><\/i>\t\t\t\t\t\t\t\t\t<\/a>\n\t\t\t\t\t\t\t\t\t\t\t\t\t\t\t<\/span>\n\t\t\t\t\t\t\t\t\t\t\t\t\t\t<span class=\"elementskit-accordion-title-wraper\">\n\t\t\t\t\t\t\t\t<span class=\"elementskit-accordion-title\">\n\t\t\t\t\t\t\t\t\n\t\t\t\t\t\t\t\tGala evening\n\t\t\t\t\t\t\t\t\t\t\t\t\t\t\t\t<\/span>\n\t\t\t\t\t\t\t<\/span>\n\t\t\t\t\t\t\t\t\t\t\t\t\t\t<span class=\"elementskit-btn-wraper\">\n\t\t\t\t\t\t\t\t<a class=\"ekit-image-accordion--btn elementskit-btn whitespace--normal\" >\n\t\t\t\t\t\t\t\t\tMake your events shine with a majestic gala evening organized by Eden Events . Our galas are designed to captivate your guests: elegant decor, surprising artistic performances, and top-tier service. Every detail is carefully planned to create an immersive and sophisticated atmosphere, ensuring unforgettable memories for your attendees.\t\t\t\t\t\t\t\t<\/a>\n\t\t\t\t\t\t\t<\/span>\n\t\t\t\t\t\t                    <\/span>\n                <\/label>\n                    <\/div>\n    <\/div>\t\t\t\t<\/div>\n\t\t\t\t<\/div>\n\t\t\t\t<\/div>\n\t\t\t\t<\/div>","protected":false},"excerpt":{"rendered":"<p>Agence Team Building \u00e0 Marrakech Renforcez la coh\u00e9sion de votre \u00e9quipe avec Eden My Event, votre agence sp\u00e9cialis\u00e9e dans l\u2019organisation d\u2019activit\u00e9s de team building \u00e0 Marrakech. Nous proposons des exp\u00e9riences uniques et engageantes qui favorisent la collaboration, la communication et la motivation au sein de vos \u00e9quipes. Que ce soit dans la M\u00e9dina anim\u00e9e, les [&hellip;]<\/p>\n","protected":false},"author":1,"featured_media":0,"parent":0,"menu_order":0,"comment_status":"closed","ping_status":"closed","template":"elementor_header_footer","meta":{"_acf_changed":false,"_joinchat":[],"footnotes":""},"class_list":["post-1453","page","type-page","status-publish","hentry"],"acf":[],"_links":{"self":[{"href":"https:\/\/edenmyevent.com\/en\/wp-json\/wp\/v2\/pages\/1453","targetHints":{"allow":["GET"]}}],"collection":[{"href":"https:\/\/edenmyevent.com\/en\/wp-json\/wp\/v2\/pages"}],"about":[{"href":"https:\/\/edenmyevent.com\/en\/wp-json\/wp\/v2\/types\/page"}],"author":[{"embeddable":true,"href":"https:\/\/edenmyevent.com\/en\/wp-json\/wp\/v2\/users\/1"}],"replies":[{"embeddable":true,"href":"https:\/\/edenmyevent.com\/en\/wp-json\/wp\/v2\/comments?post=1453"}],"version-history":[{"count":32,"href":"https:\/\/edenmyevent.com\/en\/wp-json\/wp\/v2\/pages\/1453\/revisions"}],"predecessor-version":[{"id":1852,"href":"https:\/\/edenmyevent.com\/en\/wp-json\/wp\/v2\/pages\/1453\/revisions\/1852"}],"wp:attachment":[{"href":"https:\/\/edenmyevent.com\/en\/wp-json\/wp\/v2\/media?parent=1453"}],"curies":[{"name":"wp","href":"https:\/\/api.w.org\/{rel}","templated":true}]}}