{"id":1436,"date":"2025-04-05T22:25:22","date_gmt":"2025-04-05T22:25:22","guid":{"rendered":"https:\/\/events.cleverix.ma\/?page_id=1436"},"modified":"2025-06-04T10:21:37","modified_gmt":"2025-06-04T10:21:37","slug":"mice-marrakech","status":"publish","type":"page","link":"https:\/\/edenmyevent.com\/en\/mice-marrakech\/","title":{"rendered":"Agence MICE \u00e0 Marrakech"},"content":{"rendered":"<div data-elementor-type=\"wp-page\" data-elementor-id=\"1436\" class=\"elementor elementor-1436\">\n\t\t\t\t<div class=\"elementor-element elementor-element-2e4f5ea e-flex e-con-boxed e-con e-parent\" data-id=\"2e4f5ea\" data-element_type=\"container\" data-settings=\"{&quot;background_background&quot;:&quot;classic&quot;}\">\n\t\t\t\t\t<div class=\"e-con-inner\">\n\t\t\t\t<div class=\"elementor-element elementor-element-164b296 elementor-invisible elementor-widget elementor-widget-heading\" data-id=\"164b296\" data-element_type=\"widget\" data-settings=\"{&quot;_animation&quot;:&quot;fadeIn&quot;}\" data-widget_type=\"heading.default\">\n\t\t\t\t<div class=\"elementor-widget-container\">\n\t\t\t\t\t<h1 class=\"elementor-heading-title elementor-size-default\">MICE agency in Marrakech by Eden My Event<\/h1>\t\t\t\t<\/div>\n\t\t\t\t<\/div>\n\t\t\t\t<div class=\"elementor-element elementor-element-435f02e elementor-invisible elementor-widget elementor-widget-text-editor\" data-id=\"435f02e\" data-element_type=\"widget\" data-settings=\"{&quot;_animation&quot;:&quot;fadeInUp&quot;}\" data-widget_type=\"text-editor.default\">\n\t\t\t\t<div class=\"elementor-widget-container\">\n\t\t\t\t\t\t\t\t\t<p class=\"translation-block\"><a href=\"https:\/\/edenmyevent.com\/en\/\" target=\"_self\"><strong>Eden My Event<\/strong><\/a>, your <a href=\"https:\/\/edenmyevent.com\/en\/mice-marrakech\/\" target=\"_self\"><strong>trusted MICE agency in Marrakech<\/strong><\/a>, assists you in organizing tailor-made professional events. Whether for conferences, seminars, incentive programs, or gala evenings, we combine local expertise and creativity to meet your MICE (Meetings, Incentives, Conferences, and Exhibitions) needs. With us, every event becomes a productive, engaging, and memorable experience.<\/p>\t\t\t\t\t\t\t\t<\/div>\n\t\t\t\t<\/div>\n\t\t\t\t\t<\/div>\n\t\t\t\t<\/div>\n\t\t<div class=\"elementor-element elementor-element-75c6a20 e-con-full e-flex e-con e-parent\" data-id=\"75c6a20\" data-element_type=\"container\">\n\t\t\t\t<div class=\"elementor-element elementor-element-25606e1 sectio_h2 elementor-widget elementor-widget-teconce_about_v2\" data-id=\"25606e1\" data-element_type=\"widget\" data-widget_type=\"teconce_about_v2.default\">\n\t\t\t\t<div class=\"elementor-widget-container\">\n\t\t\t\t\t        <!-- ABOUT OUR COMPANY START-->\n        <div class=\"sw__about-company pt-100 pb-70 sw--Bg-color-Gray80\">\n            <div class=\"sw__about-company-wrapper\">\n                <div class=\"container container-1290\">\n                    <div class=\"row align-items-center g-30\">\n                        <div class=\"col-lg-6\">\n                            <div class=\"sw__about-company-image position-relative\">\n                                <div class=\"sw__about-company-image-main\">\n                                    <img decoding=\"async\" class=\"sw--border-radius\" src=\"https:\/\/edenmyevent.com\/wp-content\/uploads\/2025\/04\/1bc6b51e1b483ffe8bc61647769cab97.jpg\" alt=\"\">\n                                <\/div>\n                                <div class=\"sw__about-company-image-card pt-30 pl-55 pr-55 pb-40 sw--Bg-color-white text-center sw--border-radius\">\n                                    <img decoding=\"async\" src=\"\" alt=\"\">\n                                    <h4 class=\"sw--fs-21 sw--color-black-900  pt-15\"><\/h4>\n                                    <p class=\"sw--fs-16 sw--color-black-900\"><\/p>\n                                <\/div>\n                                                                <div class=\"sw__about-company-shape d-none d-xl-block\">\n                                    <img decoding=\"async\" src=\"https:\/\/bissful.main.themepreview.xyz\/home01\/wp-content\/uploads\/sites\/2\/2024\/04\/about-company-shape.png\" alt=\"\">\n                                <\/div>\n                                                            <\/div>\n                        <\/div>\n                        <div class=\"col-lg-6\">\n                            <div class=\"sw__about-company-content\">\n                                <h6 class=\"sw__about-company-content-sub-title sw--fs-12 sw--color-brown  mb-10\"><\/h6>\n                                <h2 class=\"sw__about-company-content-title sw--fs-50 sw--color-black-900  mb-20\">Eden My Event - Specializing in Business Events in Marrakech\n<\/h2>\n                                <p class=\"sw__about-company-content-text sw--fs-16 sw--color-black-800\">At Eden My Event , we understand that every company is unique, and your events should reflect your objectives and culture. Our specialized team designs customized solutions to maximize the impact of your business events:\n<\/p>\n                                <div class=\"sw__about-company-content-list pt-30\">\n                                    <ul>\n\t\t\t\t\t\t\t\t\t\t                                            <li class=\"sw--fs-21 sw--color-black-900  d-flex align-items-center gap-3\">\n\t\t\t\t\t\t\t\t\t\t\t\t\t\t\t\t\t\t\t\t\t\t\t\tSmooth organization thanks to our logistics expertise.                                            <\/li>\n\t\t\t\t\t\t\t\t\t\t                                            <li class=\"sw--fs-21 sw--color-black-900  d-flex align-items-center gap-3\">\n\t\t\t\t\t\t\t\t\t\t\t\t\t\t\t\t\t\t\t\t\t\t\t\tExceptional locations, from luxury hotels to historic palaces.                                            <\/li>\n\t\t\t\t\t\t\t\t\t\t                                            <li class=\"sw--fs-21 sw--color-black-900  d-flex align-items-center gap-3\">\n\t\t\t\t\t\t\t\t\t\t\t\t\t\t\t\t\t\t\t\t\t\t\t\tEngaging activities to strengthen team cohesion and motivate your employees.                                            <\/li>\n\t\t\t\t\t\t\t\t\t\t                                    <\/ul>\n                                <\/div>\n\t\t\t\t\t\t\t\t                            <\/div>\n                        <\/div>\n                    <\/div>\n                <\/div>\n            <\/div>\n        <\/div>\n        <!-- ABOUT OUR COMPANY END -->\n\t\t\t\t\t\t<\/div>\n\t\t\t\t<\/div>\n\t\t\t\t<\/div>\n\t\t<div class=\"elementor-element elementor-element-e55645f e-con-full e-flex e-con e-parent\" data-id=\"e55645f\" data-element_type=\"container\">\n\t\t\t\t<div class=\"elementor-element elementor-element-d85edc6 elementor-widget elementor-widget-teconce_contact\" data-id=\"d85edc6\" data-element_type=\"widget\" data-widget_type=\"teconce_contact.default\">\n\t\t\t\t<div class=\"elementor-widget-container\">\n\t\t\t\t\t        <!-- Contact Start-->\n        <section class=\"sw__contact pt-160 pb-150 position-relative\">\n            <div class=\"sw__contact-wrapper position-relative\">\n                <div class=\"container container-1290\">\n                    <div class=\"row\">\n                        <div class=\"col-lg-6\">\n                            <div class=\"sw__contact-content\">\n\t\t\t\t\t\t\t\t\t\t\t\t\t\t\t\t                                    <h2 class=\"sw__contact-title sw__pricing-title sw--fs-50 sw--color-white\">\n\t\t\t\t\t\t\t\t\t\tLet us organize your customized event                                    <\/h2>\n\t\t\t\t\t\t\t\t\t\t\t\t\t\t\t\t                            <\/div>\n                        <\/div>\n                        <div class=\"col-lg-6\">\n                            <div class=\"sw__contact-form\">\n\t\t\t\t\t\t\t\t                                    <p class=\"sw--fs-12 sw--color-brown  text-center\">CONTACT<\/p>\n\t\t\t\t\t\t\t\t\t\t\t\t\t\t\t\t                                    <h2 class=\"sw--fs-50 sw--color-brown  text-center\">Request information<\/h2>\n\t\t\t\t\t\t\t\t\t\t\t\t\t\t\t\t\n<div class=\"wpcf7 no-js\" id=\"wpcf7-f208-o1\" lang=\"en-US\" dir=\"ltr\" data-wpcf7-id=\"208\">\n<div class=\"screen-reader-response\"><p role=\"status\" aria-live=\"polite\" aria-atomic=\"true\"><\/p> <ul><\/ul><\/div>\n<form action=\"\/en\/wp-json\/wp\/v2\/pages\/1436#wpcf7-f208-o1\" method=\"post\" class=\"wpcf7-form init\" aria-label=\"Contact form\" novalidate=\"novalidate\" data-status=\"init\" data-trp-original-action=\"\/en\/wp-json\/wp\/v2\/pages\/1436#wpcf7-f208-o1\">\n<fieldset class=\"hidden-fields-container\"><input type=\"hidden\" name=\"_wpcf7\" value=\"208\" \/><input type=\"hidden\" name=\"_wpcf7_version\" value=\"6.1.5\" \/><input type=\"hidden\" name=\"_wpcf7_locale\" value=\"en_US\" \/><input type=\"hidden\" name=\"_wpcf7_unit_tag\" value=\"wpcf7-f208-o1\" \/><input type=\"hidden\" name=\"_wpcf7_container_post\" value=\"0\" \/><input type=\"hidden\" name=\"_wpcf7_posted_data_hash\" value=\"\" \/>\n<\/fieldset>\n<div class=\"sw__contact-home-one pt-50 wow fadeInUp\" data-wow-delay=\"0.5s\">\n                  <div class=\"row g-3\">\n                    <div class=\"col-md-6\">\n<span class=\"wpcf7-form-control-wrap\" data-name=\"your-name\"><input size=\"40\" maxlength=\"400\" class=\"wpcf7-form-control wpcf7-text form-control\" aria-invalid=\"false\" placeholder=\"Full name\" value=\"\" type=\"text\" name=\"your-name\" \/><\/span>\n                    <\/div>\n                    <div class=\"col-md-6\">\n                          <span class=\"wpcf7-form-control-wrap\" data-name=\"your-mail\"><input size=\"40\" maxlength=\"400\" class=\"wpcf7-form-control wpcf7-email wpcf7-text wpcf7-validates-as-email form-control\" aria-invalid=\"false\" placeholder=\"Email\" value=\"\" type=\"email\" name=\"your-mail\" \/><\/span>\n                    <\/div>\n                    <div class=\"col-md-6\">\n<span class=\"wpcf7-form-control-wrap\" data-name=\"tel-202\"><input size=\"40\" maxlength=\"400\" class=\"wpcf7-form-control wpcf7-tel wpcf7-text wpcf7-validates-as-tel form-control\" aria-invalid=\"false\" placeholder=\"Phone\" value=\"\" type=\"tel\" name=\"tel-202\" \/><\/span>\n                    <\/div>\n                    <div class=\"col-md-6\">\n<span class=\"wpcf7-form-control-wrap\" data-name=\"service\"><input size=\"40\" maxlength=\"400\" class=\"wpcf7-form-control wpcf7-text form-control\" aria-invalid=\"false\" placeholder=\"Service\" value=\"\" type=\"text\" name=\"service\" \/><\/span>\n                    <\/div>\n                    <div class=\"col-12\">\n<span class=\"wpcf7-form-control-wrap\" data-name=\"textarea-650\"><textarea cols=\"40\" rows=\"10\" maxlength=\"2000\" class=\"wpcf7-form-control wpcf7-textarea form-control\" aria-invalid=\"false\" placeholder=\"Message\" name=\"textarea-650\"><\/textarea><\/span>\n                    <\/div>\n                    <div class=\"col-12\">\n                      <div class=\"row\">\n                        <div class=\"col-lg-12\">\n\n                        \n                            <input class=\"wpcf7-form-control wpcf7-submit has-spinner btn-contact\" type=\"submit\" value=\"Envoyer\" \/>\n                     \n\n                        <\/div>\n                      <\/div>\n                    <\/div>\n                  <\/div>\n                <\/div><div class=\"wpcf7-response-output\" aria-hidden=\"true\"><\/div>\n<input type=\"hidden\" name=\"trp-form-language\" value=\"en\"\/><\/form>\n<\/div>\n                            <\/div>\n                        <\/div>\n                    <\/div>\n\n                <\/div>\n            <\/div>\n        <\/section>\n        <!-- Contact Start-->\n\t\t\t\t\t\t<\/div>\n\t\t\t\t<\/div>\n\t\t\t\t<\/div>\n\t\t<div class=\"elementor-element elementor-element-3e01e4c e-con-full e-flex e-con e-parent\" data-id=\"3e01e4c\" data-element_type=\"container\" data-settings=\"{&quot;background_background&quot;:&quot;classic&quot;}\">\n\t\t\t\t<\/div>\n\t\t<div class=\"elementor-element elementor-element-6f423ad e-flex e-con-boxed e-con e-parent\" data-id=\"6f423ad\" data-element_type=\"container\">\n\t\t\t\t\t<div class=\"e-con-inner\">\n\t\t\t\t<div class=\"elementor-element elementor-element-d933843 elementor-invisible elementor-widget elementor-widget-heading\" data-id=\"d933843\" data-element_type=\"widget\" data-settings=\"{&quot;_animation&quot;:&quot;fadeIn&quot;}\" data-widget_type=\"heading.default\">\n\t\t\t\t<div class=\"elementor-widget-container\">\n\t\t\t\t\t<h2 class=\"elementor-heading-title elementor-size-default\">Our MICE services in Marrakech<\/h2>\t\t\t\t<\/div>\n\t\t\t\t<\/div>\n\t\t\t\t<div class=\"elementor-element elementor-element-48ab15f elementor-invisible elementor-widget elementor-widget-text-editor\" data-id=\"48ab15f\" data-element_type=\"widget\" data-settings=\"{&quot;_animation&quot;:&quot;fadeInUp&quot;}\" data-widget_type=\"text-editor.default\">\n\t\t\t\t<div class=\"elementor-widget-container\">\n\t\t\t\t\t\t\t\t\tDiscover our comprehensive services to meet all your event needs:\n\t\t\t\t\t\t\t\t<\/div>\n\t\t\t\t<\/div>\n\t\t\t\t\t<\/div>\n\t\t\t\t<\/div>\n\t\t<div class=\"elementor-element elementor-element-bd81f54 e-con-full e-flex e-con e-parent\" data-id=\"bd81f54\" data-element_type=\"container\" data-settings=\"{&quot;background_background&quot;:&quot;classic&quot;}\">\n\t\t\t\t<div class=\"elementor-element elementor-element-f950076 ekit-image-accordion-mobile-vertical ekit-image-accordion-horizontal ekit-image-accordion-click elementor-widget elementor-widget-elementskit-image-accordion\" data-id=\"f950076\" data-element_type=\"widget\" data-widget_type=\"elementskit-image-accordion.default\">\n\t\t\t\t<div class=\"elementor-widget-container\">\n\t\t\t\t\t<div class=\"ekit-wid-con\" >\t\t<div class=\"ekit-image-accordion elementskit-image-accordion-wraper\">\n\t\t\t                <input type=\"radio\" name=\"ekit_ia_f950076\" id=\"ekit_ia_f950076_0\" class=\"elementskit-single-image-accordion--input\" checked=\"checked\" hidden>\n                <label for=\"ekit_ia_f950076_0\" class=\"elementskit-single-image-accordion ekit-image-accordion-item\" style=\"background-image: url(https:\/\/edenmyevent.com\/wp-content\/uploads\/2025\/04\/d42a876a-f57e-4520-8cb6-d7eb512d1a15.webp)\" data-link=\"{&quot;url&quot;:&quot;&quot;,&quot;is_external&quot;:&quot;&quot;,&quot;nofollow&quot;:&quot;&quot;,&quot;custom_attributes&quot;:&quot;&quot;}\" data-behavior=\"click\" data-active=\"yes\">\n                    <span class=\"elementskit-accordion-content\">\n\t\t\t\t\t\t\t\t\t\t\t\t\t<span class=\"elementskit-accordion-title-wraper\">\n\t\t\t\t\t\t\t\t<span class=\"elementskit-accordion-title\">\n\t\t\t\t\t\t\t\t\n\t\t\t\t\t\t\t\tTeam Building\n\t\t\t\t\t\t\t\t\t\t\t\t\t\t\t\t<\/span>\n\t\t\t\t\t\t\t<\/span>\n\t\t\t\t\t\t\t\t\t\t\t\t\t\t<span class=\"elementskit-btn-wraper\">\n\t\t\t\t\t\t\t\t<a class=\"ekit-image-accordion--btn elementskit-btn whitespace--normal\" >\n\t\t\t\t\t\t\t\t\tStrengthen the bonds within your team with our original and engaging team building activities. In Marrakech, we offer unique experiences such as treasure hunts in the Medina, Moroccan culinary workshops or ATV adventures in the Atlas mountains. These moments of sharing reinforce collaboration while discovering the cultural richness of the region.\t\t\t\t\t\t\t\t<\/a>\n\t\t\t\t\t\t\t<\/span>\n\t\t\t\t\t\t                    <\/span>\n                <\/label>\n                            <input type=\"radio\" name=\"ekit_ia_f950076\" id=\"ekit_ia_f950076_1\" class=\"elementskit-single-image-accordion--input\" hidden>\n                <label for=\"ekit_ia_f950076_1\" class=\"elementskit-single-image-accordion ekit-image-accordion-item\" style=\"background-image: url(https:\/\/edenmyevent.com\/wp-content\/uploads\/2024\/05\/Rectangle-2295-1.jpg)\" data-link=\"{&quot;url&quot;:&quot;&quot;,&quot;is_external&quot;:&quot;&quot;,&quot;nofollow&quot;:&quot;&quot;,&quot;custom_attributes&quot;:&quot;&quot;}\" data-behavior=\"click\" data-active=\"\">\n                    <span class=\"elementskit-accordion-content\">\n\t\t\t\t\t\t\t\t\t\t\t\t\t<span class=\"elementskit-accordion-title-wraper\">\n\t\t\t\t\t\t\t\t<span class=\"elementskit-accordion-title\">\n\t\t\t\t\t\t\t\t\n\t\t\t\t\t\t\t\t Incentive\n\t\t\t\t\t\t\t\t\t\t\t\t\t\t\t\t<\/span>\n\t\t\t\t\t\t\t<\/span>\n\t\t\t\t\t\t\t\t\t\t\t\t\t\t<span class=\"elementskit-btn-wraper\">\n\t\t\t\t\t\t\t\t<a class=\"ekit-image-accordion--btn elementskit-btn whitespace--normal\" >\n\t\t\t\t\t\t\t\t\tReward your employees with incentive programs in Marrakech, where luxury meets authenticity. Offer them exceptional stays in sumptuous palaces, desert getaways under starry skies, or private parties in enchanting settings. With Eden My Event, every detail is carefully orchestrated to motivate your teams, reinforce their commitment and offer them an unforgettable experience.\t\t\t\t\t\t\t\t<\/a>\n\t\t\t\t\t\t\t<\/span>\n\t\t\t\t\t\t                    <\/span>\n                <\/label>\n                            <input type=\"radio\" name=\"ekit_ia_f950076\" id=\"ekit_ia_f950076_2\" class=\"elementskit-single-image-accordion--input\" hidden>\n                <label for=\"ekit_ia_f950076_2\" class=\"elementskit-single-image-accordion ekit-image-accordion-item\" style=\"background-image: url(https:\/\/edenmyevent.com\/wp-content\/uploads\/2025\/04\/1384706_original.jpg)\" data-link=\"{&quot;url&quot;:&quot;&quot;,&quot;is_external&quot;:&quot;&quot;,&quot;nofollow&quot;:&quot;&quot;,&quot;custom_attributes&quot;:&quot;&quot;}\" data-behavior=\"click\" data-active=\"\">\n                    <span class=\"elementskit-accordion-content\">\n\t\t\t\t\t\t\t\t\t\t\t\t\t<span class=\"elementskit-accordion-title-wraper\">\n\t\t\t\t\t\t\t\t<span class=\"elementskit-accordion-title\">\n\t\t\t\t\t\t\t\t\n\t\t\t\t\t\t\t\tCongr\u00e8s \/ S\u00e9minaire\n\t\t\t\t\t\t\t\t\t\t\t\t\t\t\t\t<\/span>\n\t\t\t\t\t\t\t<\/span>\n\t\t\t\t\t\t\t\t\t\t\t\t\t\t<span class=\"elementskit-btn-wraper\">\n\t\t\t\t\t\t\t\t<a class=\"ekit-image-accordion--btn elementskit-btn whitespace--normal\" >\n\t\t\t\t\t\t\t\t\tOrganize productive conferences and seminars in exceptional locations in Marrakech. Our tailor-made solutions include logistics management, room selection and stimulating networking activities. We ensure that your participants are fully engaged and that your objectives are achieved.\t\t\t\t\t\t\t\t<\/a>\n\t\t\t\t\t\t\t<\/span>\n\t\t\t\t\t\t                    <\/span>\n                <\/label>\n                            <input type=\"radio\" name=\"ekit_ia_f950076\" id=\"ekit_ia_f950076_3\" class=\"elementskit-single-image-accordion--input\" hidden>\n                <label for=\"ekit_ia_f950076_3\" class=\"elementskit-single-image-accordion ekit-image-accordion-item\" style=\"background-image: url(https:\/\/edenmyevent.com\/wp-content\/uploads\/2025\/04\/241215-fete-entreprises.jpg)\" data-link=\"{&quot;url&quot;:&quot;&quot;,&quot;is_external&quot;:&quot;&quot;,&quot;nofollow&quot;:&quot;&quot;,&quot;custom_attributes&quot;:&quot;&quot;}\" data-behavior=\"click\" data-active=\"\">\n                    <span class=\"elementskit-accordion-content\">\n\t\t\t\t\t\t\t\t\t\t\t\t\t<span class=\"elementskit-accordion-title-wraper\">\n\t\t\t\t\t\t\t\t<span class=\"elementskit-accordion-title\">\n\t\t\t\t\t\t\t\t\n\t\t\t\t\t\t\t\tGala evening\n\t\t\t\t\t\t\t\t\t\t\t\t\t\t\t\t<\/span>\n\t\t\t\t\t\t\t<\/span>\n\t\t\t\t\t\t\t\t\t\t\t\t\t\t<span class=\"elementskit-btn-wraper\">\n\t\t\t\t\t\t\t\t<a class=\"ekit-image-accordion--btn elementskit-btn whitespace--normal\" >\n\t\t\t\t\t\t\t\t\tCl\u00f4turez vos \u00e9v\u00e9nements avec une soir\u00e9e gala \u00e9poustouflante , orchestr\u00e9e par Eden Events . Nos galas sont con\u00e7us pour impressionner, avec des d\u00e9cors somptueux, des prestations artistiques captivantes et un service irr\u00e9prochable. Offrez \u00e0 vos invit\u00e9s une exp\u00e9rience \u00e9l\u00e9gante et immersive, qu\u2019ils n\u2019oublieront jamais.\t\t\t\t\t\t\t\t<\/a>\n\t\t\t\t\t\t\t<\/span>\n\t\t\t\t\t\t                    <\/span>\n                <\/label>\n                    <\/div>\n    <\/div>\t\t\t\t<\/div>\n\t\t\t\t<\/div>\n\t\t\t\t<\/div>\n\t\t<div class=\"elementor-element elementor-element-dccb39a e-flex e-con-boxed e-con e-parent\" data-id=\"dccb39a\" data-element_type=\"container\">\n\t\t\t\t\t<div class=\"e-con-inner\">\n\t\t<div class=\"elementor-element elementor-element-ed2725c e-con-full e-flex e-con e-child\" data-id=\"ed2725c\" data-element_type=\"container\" data-settings=\"{&quot;background_background&quot;:&quot;classic&quot;}\">\n\t\t\t\t<\/div>\n\t\t<div class=\"elementor-element elementor-element-f8bf739 e-con-full e-flex e-con e-child\" data-id=\"f8bf739\" data-element_type=\"container\">\n\t\t\t\t<div class=\"elementor-element elementor-element-b5f42b4 elementor-widget elementor-widget-heading\" data-id=\"b5f42b4\" data-element_type=\"widget\" data-widget_type=\"heading.default\">\n\t\t\t\t<div class=\"elementor-widget-container\">\n\t\t\t\t\t<h2 class=\"elementor-heading-title elementor-size-default\">Why Choose Marrakech for Your Professional Events?<\/h2>\t\t\t\t<\/div>\n\t\t\t\t<\/div>\n\t\t\t\t<div class=\"elementor-element elementor-element-e8d9ad4 elementor-widget elementor-widget-text-editor\" data-id=\"e8d9ad4\" data-element_type=\"widget\" data-widget_type=\"text-editor.default\">\n\t\t\t\t<div class=\"elementor-widget-container\">\n\t\t\t\t\t\t\t\t\tMarrakech is a strategic destination for your MICE events, offering a perfect blend of modernity and tradition:\n\t\t\t\t\t\t\t\t<\/div>\n\t\t\t\t<\/div>\n\t\t\t\t<div class=\"elementor-element elementor-element-c7cc3df elementor-icon-list--layout-traditional elementor-list-item-link-full_width elementor-widget elementor-widget-icon-list\" data-id=\"c7cc3df\" data-element_type=\"widget\" data-widget_type=\"icon-list.default\">\n\t\t\t\t<div class=\"elementor-widget-container\">\n\t\t\t\t\t\t\t<ul class=\"elementor-icon-list-items\">\n\t\t\t\t\t\t\t<li class=\"elementor-icon-list-item\">\n\t\t\t\t\t\t\t\t\t\t\t<span class=\"elementor-icon-list-icon\">\n\t\t\t\t\t\t\t<i aria-hidden=\"true\" class=\"far fa-dot-circle\"><\/i>\t\t\t\t\t\t<\/span>\n\t\t\t\t\t\t\t\t\t\t<span class=\"elementor-icon-list-text\">Accessibilit\u00e9 Internationale : Un a\u00e9roport moderne connect\u00e9 aux principales villes mondiales.<\/span>\n\t\t\t\t\t\t\t\t\t<\/li>\n\t\t\t\t\t\t\t\t<li class=\"elementor-icon-list-item\">\n\t\t\t\t\t\t\t\t\t\t\t<span class=\"elementor-icon-list-icon\">\n\t\t\t\t\t\t\t<i aria-hidden=\"true\" class=\"far fa-dot-circle\"><\/i>\t\t\t\t\t\t<\/span>\n\t\t\t\t\t\t\t\t\t\t<span class=\"elementor-icon-list-text\">Modern Infrastructure: 5-star hotels, fully equipped conference centers, and modular spaces.<\/span>\n\t\t\t\t\t\t\t\t\t<\/li>\n\t\t\t\t\t\t\t\t<li class=\"elementor-icon-list-item\">\n\t\t\t\t\t\t\t\t\t\t\t<span class=\"elementor-icon-list-icon\">\n\t\t\t\t\t\t\t<i aria-hidden=\"true\" class=\"far fa-dot-circle\"><\/i>\t\t\t\t\t\t<\/span>\n\t\t\t\t\t\t\t\t\t\t<span class=\"elementor-icon-list-text\">Inspiring setting: With its lush gardens, historic riads, and starry skies, Marrakech creates an atmosphere conducive to productivity and creativity.<\/span>\n\t\t\t\t\t\t\t\t\t<\/li>\n\t\t\t\t\t\t\t\t<li class=\"elementor-icon-list-item\">\n\t\t\t\t\t\t\t\t\t\t\t<span class=\"elementor-icon-list-icon\">\n\t\t\t\t\t\t\t<i aria-hidden=\"true\" class=\"far fa-dot-circle\"><\/i>\t\t\t\t\t\t<\/span>\n\t\t\t\t\t\t\t\t\t\t<span class=\"elementor-icon-list-text\">Cultural Richness: Immerse yourself in Moroccan cuisine, crafts, and traditions to enhance your participants' experience.<\/span>\n\t\t\t\t\t\t\t\t\t<\/li>\n\t\t\t\t\t\t<\/ul>\n\t\t\t\t\t\t<\/div>\n\t\t\t\t<\/div>\n\t\t\t\t<div class=\"elementor-element elementor-element-2fee310 elementor-widget elementor-widget-text-editor\" data-id=\"2fee310\" data-element_type=\"widget\" data-widget_type=\"text-editor.default\">\n\t\t\t\t<div class=\"elementor-widget-container\">\n\t\t\t\t\t\t\t\t\t<p class=\"translation-block\">With Eden My Event, take advantage of our in-depth knowledge of the region to <a href=\"https:\/\/edenmyevent.com\/en\/\" target=\"_self\"><strong>organize successful professional events<\/strong><\/a>.<\/p>\t\t\t\t\t\t\t\t<\/div>\n\t\t\t\t<\/div>\n\t\t\t\t<\/div>\n\t\t\t\t\t<\/div>\n\t\t\t\t<\/div>\n\t\t\t\t<\/div>","protected":false},"excerpt":{"rendered":"<p>Agence MICE \u00e0 Marrakech par Eden My Event Eden My Event , votre agence MICE de confiance \u00e0 Marrakech, vous accompagne dans l\u2019organisation d\u2019\u00e9v\u00e9nements professionnels sur mesure. Que ce soit pour des congr\u00e8s, s\u00e9minaires, programmes incentive ou soir\u00e9es gala, nous combinons expertise locale et cr\u00e9ativit\u00e9 pour r\u00e9pondre \u00e0 vos besoins MICE (Meetings, Incentives, Conferences, and [&hellip;]<\/p>\n","protected":false},"author":1,"featured_media":0,"parent":0,"menu_order":0,"comment_status":"closed","ping_status":"closed","template":"elementor_header_footer","meta":{"_acf_changed":false,"_joinchat":[],"footnotes":""},"class_list":["post-1436","page","type-page","status-publish","hentry"],"acf":[],"_links":{"self":[{"href":"https:\/\/edenmyevent.com\/en\/wp-json\/wp\/v2\/pages\/1436","targetHints":{"allow":["GET"]}}],"collection":[{"href":"https:\/\/edenmyevent.com\/en\/wp-json\/wp\/v2\/pages"}],"about":[{"href":"https:\/\/edenmyevent.com\/en\/wp-json\/wp\/v2\/types\/page"}],"author":[{"embeddable":true,"href":"https:\/\/edenmyevent.com\/en\/wp-json\/wp\/v2\/users\/1"}],"replies":[{"embeddable":true,"href":"https:\/\/edenmyevent.com\/en\/wp-json\/wp\/v2\/comments?post=1436"}],"version-history":[{"count":43,"href":"https:\/\/edenmyevent.com\/en\/wp-json\/wp\/v2\/pages\/1436\/revisions"}],"predecessor-version":[{"id":1837,"href":"https:\/\/edenmyevent.com\/en\/wp-json\/wp\/v2\/pages\/1436\/revisions\/1837"}],"wp:attachment":[{"href":"https:\/\/edenmyevent.com\/en\/wp-json\/wp\/v2\/media?parent=1436"}],"curies":[{"name":"wp","href":"https:\/\/api.w.org\/{rel}","templated":true}]}}