{"id":1412,"date":"2025-04-04T23:18:49","date_gmt":"2025-04-04T23:18:49","guid":{"rendered":"https:\/\/events.cleverix.ma\/?page_id=1412"},"modified":"2025-06-04T10:36:26","modified_gmt":"2025-06-04T10:36:26","slug":"organisation-seminaire-congres-a-marrakech","status":"publish","type":"page","link":"https:\/\/edenmyevent.com\/en\/organisation-seminaire-congres-a-marrakech\/","title":{"rendered":"Seminar \/ Conference organization in Marrakech"},"content":{"rendered":"<div data-elementor-type=\"wp-page\" data-elementor-id=\"1412\" class=\"elementor elementor-1412\">\n\t\t\t\t<div class=\"elementor-element elementor-element-2e4f5ea e-flex e-con-boxed e-con e-parent\" data-id=\"2e4f5ea\" data-element_type=\"container\" data-settings=\"{&quot;background_background&quot;:&quot;classic&quot;}\">\n\t\t\t\t\t<div class=\"e-con-inner\">\n\t\t\t\t<div class=\"elementor-element elementor-element-164b296 elementor-invisible elementor-widget elementor-widget-heading\" data-id=\"164b296\" data-element_type=\"widget\" data-settings=\"{&quot;_animation&quot;:&quot;fadeIn&quot;}\" data-widget_type=\"heading.default\">\n\t\t\t\t<div class=\"elementor-widget-container\">\n\t\t\t\t\t<h1 class=\"elementor-heading-title elementor-size-default\">Seminar \/ Conference organization in Marrakech<\/h1>\t\t\t\t<\/div>\n\t\t\t\t<\/div>\n\t\t\t\t<div class=\"elementor-element elementor-element-435f02e elementor-invisible elementor-widget elementor-widget-text-editor\" data-id=\"435f02e\" data-element_type=\"widget\" data-settings=\"{&quot;_animation&quot;:&quot;fadeInUp&quot;}\" data-widget_type=\"text-editor.default\">\n\t\t\t\t<div class=\"elementor-widget-container\">\n\t\t\t\t\t\t\t\t\t<p class=\"translation-block\">Marrakech, with its unique charm and modern infrastructure, is the ideal destination for your professional seminars and conferences. At <a href=\"https:\/\/edenmyevent.com\/en\/\" target=\"_self\"><strong>Eden My Event<\/strong><\/a>, we offer tailor-made organization, combining local expertise and innovative solutions to meet your <strong>MICE (Meetings, Incentives, Conferences, and Exhibitions)<\/strong> needs. From venue selection to the smallest logistical details, we transform your <strong>corporate event<\/strong> into a productive and memorable experience.<\/p>\t\t\t\t\t\t\t\t<\/div>\n\t\t\t\t<\/div>\n\t\t\t\t\t<\/div>\n\t\t\t\t<\/div>\n\t\t<div class=\"elementor-element elementor-element-75c6a20 e-con-full e-flex e-con e-parent\" data-id=\"75c6a20\" data-element_type=\"container\">\n\t\t\t\t<div class=\"elementor-element elementor-element-25606e1 sectio_h2 elementor-widget elementor-widget-teconce_about_v2\" data-id=\"25606e1\" data-element_type=\"widget\" data-widget_type=\"teconce_about_v2.default\">\n\t\t\t\t<div class=\"elementor-widget-container\">\n\t\t\t\t\t        <!-- ABOUT OUR COMPANY START-->\n        <div class=\"sw__about-company pt-100 pb-70 sw--Bg-color-Gray80\">\n            <div class=\"sw__about-company-wrapper\">\n                <div class=\"container container-1290\">\n                    <div class=\"row align-items-center g-30\">\n                        <div class=\"col-lg-6\">\n                            <div class=\"sw__about-company-image position-relative\">\n                                <div class=\"sw__about-company-image-main\">\n                                    <img decoding=\"async\" class=\"sw--border-radius\" src=\"https:\/\/edenmyevent.com\/wp-content\/uploads\/2025\/04\/IMG_0461.jpeg\" alt=\"\">\n                                <\/div>\n                                <div class=\"sw__about-company-image-card pt-30 pl-55 pr-55 pb-40 sw--Bg-color-white text-center sw--border-radius\">\n                                    <img decoding=\"async\" src=\"\" alt=\"\">\n                                    <h4 class=\"sw--fs-21 sw--color-black-900  pt-15\"><\/h4>\n                                    <p class=\"sw--fs-16 sw--color-black-900\"><\/p>\n                                <\/div>\n                                                                <div class=\"sw__about-company-shape d-none d-xl-block\">\n                                    <img decoding=\"async\" src=\"https:\/\/bissful.main.themepreview.xyz\/home01\/wp-content\/uploads\/sites\/2\/2024\/04\/about-company-shape.png\" alt=\"\">\n                                <\/div>\n                                                            <\/div>\n                        <\/div>\n                        <div class=\"col-lg-6\">\n                            <div class=\"sw__about-company-content\">\n                                <h6 class=\"sw__about-company-content-sub-title sw--fs-12 sw--color-brown  mb-10\"><\/h6>\n                                <h2 class=\"sw__about-company-content-title sw--fs-50 sw--color-black-900  mb-20\">Customized Corporate Seminar in Marrakech<\/h2>\n                                <p class=\"sw__about-company-content-text sw--fs-16 sw--color-black-800\">Every company is unique, and your seminars should reflect your objectives and culture. With Eden My Event , benefit from a 100% personalized corporate seminar in exceptional surroundings. Whether in a traditional riad, a luxury hotel or a modern conference center, we tailor every detail - agenda, entertainment, catering - to maximize your employees' commitment. Our team takes care to create the perfect balance between work and relaxation, guaranteeing concrete results while strengthening team cohesion.\n<\/p>\n                                <div class=\"sw__about-company-content-list pt-30\">\n                                    <ul>\n\t\t\t\t\t\t\t\t\t\t                                            <li class=\"sw--fs-21 sw--color-black-900  d-flex align-items-center gap-3\">\n\t\t\t\t\t\t\t\t\t\t\t\t\t\t\t\t\t\t\t\t\t\t\t\t                                            <\/li>\n\t\t\t\t\t\t\t\t\t\t                                    <\/ul>\n                                <\/div>\n\t\t\t\t\t\t\t\t                            <\/div>\n                        <\/div>\n                    <\/div>\n                <\/div>\n            <\/div>\n        <\/div>\n        <!-- ABOUT OUR COMPANY END -->\n\t\t\t\t\t\t<\/div>\n\t\t\t\t<\/div>\n\t\t\t\t<\/div>\n\t\t<div class=\"elementor-element elementor-element-e55645f e-con-full e-flex e-con e-parent\" data-id=\"e55645f\" data-element_type=\"container\">\n\t\t\t\t<div class=\"elementor-element elementor-element-d85edc6 elementor-widget elementor-widget-teconce_contact\" data-id=\"d85edc6\" data-element_type=\"widget\" data-widget_type=\"teconce_contact.default\">\n\t\t\t\t<div class=\"elementor-widget-container\">\n\t\t\t\t\t        <!-- Contact Start-->\n        <section class=\"sw__contact pt-160 pb-150 position-relative\">\n            <div class=\"sw__contact-wrapper position-relative\">\n                <div class=\"container container-1290\">\n                    <div class=\"row\">\n                        <div class=\"col-lg-6\">\n                            <div class=\"sw__contact-content\">\n\t\t\t\t\t\t\t\t                                    <h6 class=\"sw__contact-sub-title sw--fs-12 sw--color-white\">GET IN TOUCH<\/h6>\n\t\t\t\t\t\t\t\t\t\t\t\t\t\t\t\t                                    <h2 class=\"sw__contact-title sw__pricing-title sw--fs-50 sw--color-white\">\n\t\t\t\t\t\t\t\t\t\tGive your team a unique experience                                    <\/h2>\n\t\t\t\t\t\t\t\t\t\t\t\t\t\t\t\t                            <\/div>\n                        <\/div>\n                        <div class=\"col-lg-6\">\n                            <div class=\"sw__contact-form\">\n\t\t\t\t\t\t\t\t                                    <p class=\"sw--fs-12 sw--color-brown  text-center\">CONTACT<\/p>\n\t\t\t\t\t\t\t\t\t\t\t\t\t\t\t\t                                    <h2 class=\"sw--fs-50 sw--color-brown  text-center\">Request information<\/h2>\n\t\t\t\t\t\t\t\t\t\t\t\t\t\t\t\t\n<div class=\"wpcf7 no-js\" id=\"wpcf7-f208-o1\" lang=\"en-US\" dir=\"ltr\" data-wpcf7-id=\"208\">\n<div class=\"screen-reader-response\"><p role=\"status\" aria-live=\"polite\" aria-atomic=\"true\"><\/p> <ul><\/ul><\/div>\n<form action=\"\/en\/wp-json\/wp\/v2\/pages\/1412#wpcf7-f208-o1\" method=\"post\" class=\"wpcf7-form init\" aria-label=\"Contact form\" novalidate=\"novalidate\" data-status=\"init\" data-trp-original-action=\"\/en\/wp-json\/wp\/v2\/pages\/1412#wpcf7-f208-o1\">\n<fieldset class=\"hidden-fields-container\"><input type=\"hidden\" name=\"_wpcf7\" value=\"208\" \/><input type=\"hidden\" name=\"_wpcf7_version\" value=\"6.1.5\" \/><input type=\"hidden\" name=\"_wpcf7_locale\" value=\"en_US\" \/><input type=\"hidden\" name=\"_wpcf7_unit_tag\" value=\"wpcf7-f208-o1\" \/><input type=\"hidden\" name=\"_wpcf7_container_post\" value=\"0\" \/><input type=\"hidden\" name=\"_wpcf7_posted_data_hash\" value=\"\" \/>\n<\/fieldset>\n<div class=\"sw__contact-home-one pt-50 wow fadeInUp\" data-wow-delay=\"0.5s\">\n                  <div class=\"row g-3\">\n                    <div class=\"col-md-6\">\n<span class=\"wpcf7-form-control-wrap\" data-name=\"your-name\"><input size=\"40\" maxlength=\"400\" class=\"wpcf7-form-control wpcf7-text form-control\" aria-invalid=\"false\" placeholder=\"Full name\" value=\"\" type=\"text\" name=\"your-name\" \/><\/span>\n                    <\/div>\n                    <div class=\"col-md-6\">\n                          <span class=\"wpcf7-form-control-wrap\" data-name=\"your-mail\"><input size=\"40\" maxlength=\"400\" class=\"wpcf7-form-control wpcf7-email wpcf7-text wpcf7-validates-as-email form-control\" aria-invalid=\"false\" placeholder=\"Email\" value=\"\" type=\"email\" name=\"your-mail\" \/><\/span>\n                    <\/div>\n                    <div class=\"col-md-6\">\n<span class=\"wpcf7-form-control-wrap\" data-name=\"tel-202\"><input size=\"40\" maxlength=\"400\" class=\"wpcf7-form-control wpcf7-tel wpcf7-text wpcf7-validates-as-tel form-control\" aria-invalid=\"false\" placeholder=\"Phone\" value=\"\" type=\"tel\" name=\"tel-202\" \/><\/span>\n                    <\/div>\n                    <div class=\"col-md-6\">\n<span class=\"wpcf7-form-control-wrap\" data-name=\"service\"><input size=\"40\" maxlength=\"400\" class=\"wpcf7-form-control wpcf7-text form-control\" aria-invalid=\"false\" placeholder=\"Service\" value=\"\" type=\"text\" name=\"service\" \/><\/span>\n                    <\/div>\n                    <div class=\"col-12\">\n<span class=\"wpcf7-form-control-wrap\" data-name=\"textarea-650\"><textarea cols=\"40\" rows=\"10\" maxlength=\"2000\" class=\"wpcf7-form-control wpcf7-textarea form-control\" aria-invalid=\"false\" placeholder=\"Message\" name=\"textarea-650\"><\/textarea><\/span>\n                    <\/div>\n                    <div class=\"col-12\">\n                      <div class=\"row\">\n                        <div class=\"col-lg-12\">\n\n                        \n                            <input class=\"wpcf7-form-control wpcf7-submit has-spinner btn-contact\" type=\"submit\" value=\"Envoyer\" \/>\n                     \n\n                        <\/div>\n                      <\/div>\n                    <\/div>\n                  <\/div>\n                <\/div><div class=\"wpcf7-response-output\" aria-hidden=\"true\"><\/div>\n<input type=\"hidden\" name=\"trp-form-language\" value=\"en\"\/><\/form>\n<\/div>\n                            <\/div>\n                        <\/div>\n                    <\/div>\n\n                <\/div>\n            <\/div>\n        <\/section>\n        <!-- Contact Start-->\n\t\t\t\t\t\t<\/div>\n\t\t\t\t<\/div>\n\t\t\t\t<\/div>\n\t\t<div class=\"elementor-element elementor-element-bebd661 e-con-full e-flex e-con e-parent\" data-id=\"bebd661\" data-element_type=\"container\">\n\t\t\t\t<div class=\"elementor-element elementor-element-9a83749 wedding_plan img_cong elementor-widget elementor-widget-teconce_gallery\" data-id=\"9a83749\" data-element_type=\"widget\" data-widget_type=\"teconce_gallery.default\">\n\t\t\t\t<div class=\"elementor-widget-container\">\n\t\t\t\t\t        <!-- Gallery start -->\n        <section class=\"sw__gallery pb-120 overflow-hidden\">\n            <div class=\"container\">\n\t\t\t\t                <div class=\"sw__gallery-section-items d-flex flex-wrap flex-lg-nowrap gap-3 gap-lg-5 justify-content-between align-items-center mb-60\">\n\t\t\t\t\t                        <div class=\"sw__section-title sw--fs-50 sw--color-black-900  wow fadeInLeft\" data-wow-delay=\"0.3s\">\n\t                        Why choose Marrakech for your corporate seminar?                        <\/div>\n\t\t\t\t\t\t\t\t\t\t                        <div class=\"sw__section-description sw--color-black-800 sw--fs-16 wow fadeInRight\" data-wow-delay=\"0.3s\">\n\t\t\t\t\t\t\tMarrakech isn't just a beautiful city; it's a strategic destination for corporate events. Its international accessibility, modern infrastructure and inspiring setting make it the perfect choice for stimulating creativity and productivity. With Eden Events , take advantage of our in-depth knowledge of the region to organize seminars that combine work, pleasure and discovery. Offer your staff an enriching experience, where every coffee break becomes a moment of sharing.\n                        <\/div>\n\t\t\t\t\t                <\/div>\n                <div class=\"row g-30 mt-none-30 sw__gallery-images align-items-center\">\n                                        <div class=\"col-lg-6 col-md-12 text-center sw__shine_animation position-relative overflow-hidden wow fadeInLeft\" data-wow-delay=\"0.3s\">\n                        <img decoding=\"async\" data-lity src=\"https:\/\/events.cleverix.ma\/wp-content\/uploads\/2025\/04\/1683640991_kartinkof-club-p-kartinki-lektsii-22-scaled.jpg\" alt=\"\">\n                    <\/div>\n                                        <div class=\"col-lg-3 col-md-6 text-center sw__shine_animation position-relative overflow-hidden wow fadeInLeft\" data-wow-delay=\"0.5s\">\n                        <img decoding=\"async\" data-lity src=\"https:\/\/events.cleverix.ma\/wp-content\/uploads\/2025\/04\/1_q81NgiyKLde5aKoDhYRZyQ.jpg\" alt=\"\">\n                    <\/div>\n                                        <div class=\"col-lg-3 col-md-6 text-center sw__shine_animation position-relative overflow-hidden wow fadeInLeft\" data-wow-delay=\"0.7s\">\n                        <img decoding=\"async\" data-lity src=\"https:\/\/events.cleverix.ma\/wp-content\/uploads\/2025\/04\/5161067450_661ee1d50c_b.jpg\" alt=\"\">\n                    <\/div>\n                    \n                <\/div>\n            <\/div>\n        <\/section>\n        <!-- Gallery end -->\n\t\t\t\t\t\t<\/div>\n\t\t\t\t<\/div>\n\t\t\t\t<\/div>\n\t\t<div class=\"elementor-element elementor-element-6f423ad e-flex e-con-boxed e-con e-parent\" data-id=\"6f423ad\" data-element_type=\"container\">\n\t\t\t\t\t<div class=\"e-con-inner\">\n\t\t\t\t<div class=\"elementor-element elementor-element-d933843 elementor-invisible elementor-widget elementor-widget-heading\" data-id=\"d933843\" data-element_type=\"widget\" data-settings=\"{&quot;_animation&quot;:&quot;fadeIn&quot;}\" data-widget_type=\"heading.default\">\n\t\t\t\t<div class=\"elementor-widget-container\">\n\t\t\t\t\t<h2 class=\"elementor-heading-title elementor-size-default\">Other MICE services<\/h2>\t\t\t\t<\/div>\n\t\t\t\t<\/div>\n\t\t\t\t<div class=\"elementor-element elementor-element-48ab15f elementor-invisible elementor-widget elementor-widget-text-editor\" data-id=\"48ab15f\" data-element_type=\"widget\" data-settings=\"{&quot;_animation&quot;:&quot;fadeInUp&quot;}\" data-widget_type=\"text-editor.default\">\n\t\t\t\t<div class=\"elementor-widget-container\">\n\t\t\t\t\t\t\t\t\t<p>In addition to organizing seminars and conferences, Eden My Event offers a complete range of MICE services to meet all your needs:<\/p>\t\t\t\t\t\t\t\t<\/div>\n\t\t\t\t<\/div>\n\t\t\t\t\t<\/div>\n\t\t\t\t<\/div>\n\t\t<div class=\"elementor-element elementor-element-bd81f54 e-con-full e-flex e-con e-parent\" data-id=\"bd81f54\" data-element_type=\"container\" data-settings=\"{&quot;background_background&quot;:&quot;classic&quot;}\">\n\t\t\t\t<div class=\"elementor-element elementor-element-f950076 ekit-image-accordion-mobile-vertical ekit-image-accordion-horizontal ekit-image-accordion-click elementor-widget elementor-widget-elementskit-image-accordion\" data-id=\"f950076\" data-element_type=\"widget\" data-widget_type=\"elementskit-image-accordion.default\">\n\t\t\t\t<div class=\"elementor-widget-container\">\n\t\t\t\t\t<div class=\"ekit-wid-con\" >\t\t<div class=\"ekit-image-accordion elementskit-image-accordion-wraper\">\n\t\t\t                <input type=\"radio\" name=\"ekit_ia_f950076\" id=\"ekit_ia_f950076_0\" class=\"elementskit-single-image-accordion--input\" checked=\"checked\" hidden>\n                <label for=\"ekit_ia_f950076_0\" class=\"elementskit-single-image-accordion ekit-image-accordion-item\" style=\"background-image: url(https:\/\/edenmyevent.com\/wp-content\/uploads\/2025\/04\/d42a876a-f57e-4520-8cb6-d7eb512d1a15.webp)\" data-link=\"{&quot;url&quot;:&quot;&quot;,&quot;is_external&quot;:&quot;&quot;,&quot;nofollow&quot;:&quot;&quot;,&quot;custom_attributes&quot;:&quot;&quot;}\" data-behavior=\"click\" data-active=\"yes\">\n                    <span class=\"elementskit-accordion-content\">\n\t\t\t\t\t\t\t\t\t\t\t\t\t<span class=\"elementskit-accordion-title-wraper\">\n\t\t\t\t\t\t\t\t<span class=\"elementskit-accordion-title\">\n\t\t\t\t\t\t\t\t\n\t\t\t\t\t\t\t\tTeam Building\n\t\t\t\t\t\t\t\t\t\t\t\t\t\t\t\t<\/span>\n\t\t\t\t\t\t\t<\/span>\n\t\t\t\t\t\t\t\t\t\t\t\t\t\t<span class=\"elementskit-btn-wraper\">\n\t\t\t\t\t\t\t\t<a class=\"ekit-image-accordion--btn elementskit-btn whitespace--normal\" >\n\t\t\t\t\t\t\t\t\tStrengthen your team's cohesion with our original and engaging team building activities. In Marrakech, Eden My Event offers unique experiences such as treasure hunts in the Medina, Moroccan cooking workshops and desert excursions. These are moments to develop collaboration while discovering the cultural richness of the region.\t\t\t\t\t\t\t\t<\/a>\n\t\t\t\t\t\t\t<\/span>\n\t\t\t\t\t\t                    <\/span>\n                <\/label>\n                            <input type=\"radio\" name=\"ekit_ia_f950076\" id=\"ekit_ia_f950076_1\" class=\"elementskit-single-image-accordion--input\" hidden>\n                <label for=\"ekit_ia_f950076_1\" class=\"elementskit-single-image-accordion ekit-image-accordion-item\" style=\"background-image: url(https:\/\/edenmyevent.com\/wp-content\/uploads\/2025\/04\/1384706_original.jpg)\" data-link=\"{&quot;url&quot;:&quot;&quot;,&quot;is_external&quot;:&quot;&quot;,&quot;nofollow&quot;:&quot;&quot;,&quot;custom_attributes&quot;:&quot;&quot;}\" data-behavior=\"click\" data-active=\"\">\n                    <span class=\"elementskit-accordion-content\">\n\t\t\t\t\t\t\t\t\t\t\t\t\t<span class=\"elementskit-accordion-title-wraper\">\n\t\t\t\t\t\t\t\t<span class=\"elementskit-accordion-title\">\n\t\t\t\t\t\t\t\t\n\t\t\t\t\t\t\t\t Incentive\n\t\t\t\t\t\t\t\t\t\t\t\t\t\t\t\t<\/span>\n\t\t\t\t\t\t\t<\/span>\n\t\t\t\t\t\t\t\t\t\t\t\t\t\t<span class=\"elementskit-btn-wraper\">\n\t\t\t\t\t\t\t\t<a class=\"ekit-image-accordion--btn elementskit-btn whitespace--normal\" >\n\t\t\t\t\t\t\t\t\tReward your best employees with an incentive trip to Marrakech. Imagine stays in luxurious palaces, quad-biking escapades in the Atlas mountains or private evenings in enchanted gardens. With Eden My Event, every detail is designed to motivate and inspire your teams.\t\t\t\t\t\t\t\t<\/a>\n\t\t\t\t\t\t\t<\/span>\n\t\t\t\t\t\t                    <\/span>\n                <\/label>\n                            <input type=\"radio\" name=\"ekit_ia_f950076\" id=\"ekit_ia_f950076_2\" class=\"elementskit-single-image-accordion--input\" hidden>\n                <label for=\"ekit_ia_f950076_2\" class=\"elementskit-single-image-accordion ekit-image-accordion-item\" style=\"background-image: url(https:\/\/edenmyevent.com\/wp-content\/uploads\/2025\/04\/241215-fete-entreprises.jpg)\" data-link=\"{&quot;url&quot;:&quot;&quot;,&quot;is_external&quot;:&quot;&quot;,&quot;nofollow&quot;:&quot;&quot;,&quot;custom_attributes&quot;:&quot;&quot;}\" data-behavior=\"click\" data-active=\"\">\n                    <span class=\"elementskit-accordion-content\">\n\t\t\t\t\t\t\t\t\t\t\t\t\t<span class=\"elementskit-accordion-title-wraper\">\n\t\t\t\t\t\t\t\t<span class=\"elementskit-accordion-title\">\n\t\t\t\t\t\t\t\t\n\t\t\t\t\t\t\t\tGala evening\n\t\t\t\t\t\t\t\t\t\t\t\t\t\t\t\t<\/span>\n\t\t\t\t\t\t\t<\/span>\n\t\t\t\t\t\t\t\t\t\t\t\t\t\t<span class=\"elementskit-btn-wraper\">\n\t\t\t\t\t\t\t\t<a class=\"ekit-image-accordion--btn elementskit-btn whitespace--normal\" >\n\t\t\t\t\t\t\t\t\tClose your event with a magical gala evening orchestrated by Eden My Event. Our evenings are designed to impress, with sumptuous settings, captivating artistic performances and impeccable service. Give your guests an elegant, immersive experience they'll never forget.\t\t\t\t\t\t\t\t<\/a>\n\t\t\t\t\t\t\t<\/span>\n\t\t\t\t\t\t                    <\/span>\n                <\/label>\n                    <\/div>\n    <\/div>\t\t\t\t<\/div>\n\t\t\t\t<\/div>\n\t\t\t\t<\/div>\n\t\t\t\t<\/div>","protected":false},"excerpt":{"rendered":"<p>Organisation S\u00e9minaire \/ Congr\u00e8s \u00e0 Marrakech Marrakech, avec son charme unique et ses infrastructures modernes, est la destination id\u00e9ale pour vos s\u00e9minaires et congr\u00e8s professionnels . Chez Eden My Event, nous vous offrons une organisation sur mesure, alliant expertise locale et solutions innovantes pour r\u00e9pondre \u00e0 vos besoins MICE (Meetings, Incentives, Conferences, and Exhibitions). De [&hellip;]<\/p>\n","protected":false},"author":1,"featured_media":0,"parent":0,"menu_order":0,"comment_status":"closed","ping_status":"closed","template":"elementor_header_footer","meta":{"_acf_changed":false,"_joinchat":[],"footnotes":""},"class_list":["post-1412","page","type-page","status-publish","hentry"],"acf":[],"_links":{"self":[{"href":"https:\/\/edenmyevent.com\/en\/wp-json\/wp\/v2\/pages\/1412","targetHints":{"allow":["GET"]}}],"collection":[{"href":"https:\/\/edenmyevent.com\/en\/wp-json\/wp\/v2\/pages"}],"about":[{"href":"https:\/\/edenmyevent.com\/en\/wp-json\/wp\/v2\/types\/page"}],"author":[{"embeddable":true,"href":"https:\/\/edenmyevent.com\/en\/wp-json\/wp\/v2\/users\/1"}],"replies":[{"embeddable":true,"href":"https:\/\/edenmyevent.com\/en\/wp-json\/wp\/v2\/comments?post=1412"}],"version-history":[{"count":40,"href":"https:\/\/edenmyevent.com\/en\/wp-json\/wp\/v2\/pages\/1412\/revisions"}],"predecessor-version":[{"id":1849,"href":"https:\/\/edenmyevent.com\/en\/wp-json\/wp\/v2\/pages\/1412\/revisions\/1849"}],"wp:attachment":[{"href":"https:\/\/edenmyevent.com\/en\/wp-json\/wp\/v2\/media?parent=1412"}],"curies":[{"name":"wp","href":"https:\/\/api.w.org\/{rel}","templated":true}]}}