{"id":1337,"date":"2025-04-04T21:09:53","date_gmt":"2025-04-04T21:09:53","guid":{"rendered":"https:\/\/events.cleverix.ma\/?page_id=1337"},"modified":"2026-03-24T10:58:27","modified_gmt":"2026-03-24T10:58:27","slug":"wedding-planner-marrakech","status":"publish","type":"page","link":"https:\/\/edenmyevent.com\/en\/wedding-planner-marrakech\/","title":{"rendered":"Wedding Planner in Marrakech"},"content":{"rendered":"<div data-elementor-type=\"wp-page\" data-elementor-id=\"1337\" class=\"elementor elementor-1337\">\n\t\t\t\t<div class=\"elementor-element elementor-element-2e4f5ea e-flex e-con-boxed e-con e-parent\" data-id=\"2e4f5ea\" data-element_type=\"container\" data-settings=\"{&quot;background_background&quot;:&quot;classic&quot;}\">\n\t\t\t\t\t<div class=\"e-con-inner\">\n\t\t\t\t<div class=\"elementor-element elementor-element-164b296 elementor-invisible elementor-widget elementor-widget-heading\" data-id=\"164b296\" data-element_type=\"widget\" data-settings=\"{&quot;_animation&quot;:&quot;fadeIn&quot;}\" data-widget_type=\"heading.default\">\n\t\t\t\t<div class=\"elementor-widget-container\">\n\t\t\t\t\t<h1 class=\"elementor-heading-title elementor-size-default\">Wedding Planner in Marrakech by Eden My Event<\/h1>\t\t\t\t<\/div>\n\t\t\t\t<\/div>\n\t\t\t\t<div class=\"elementor-element elementor-element-435f02e elementor-invisible elementor-widget elementor-widget-text-editor\" data-id=\"435f02e\" data-element_type=\"widget\" data-settings=\"{&quot;_animation&quot;:&quot;fadeInUp&quot;}\" data-widget_type=\"text-editor.default\">\n\t\t\t\t<div class=\"elementor-widget-container\">\n\t\t\t\t\t\t\t\t\t<p class=\"translation-block\">Let <a href=\"https:\/\/edenmyevent.com\/en\/\" target=\"_self\"><strong>Eden My Event<\/strong><\/a> turn your dream of a <a href=\"https:\/\/edenmyevent.com\/en\/wedding-planner-marrakech\/\" target=\"_self\"><strong>wedding in Marrakech<\/strong><\/a> into an enchanted reality. Our team of <a href=\"https:\/\/edenmyevent.com\/en\/wedding-planner-marrakech\/\" target=\"_self\"><strong>passionate wedding planners in Marrakech<\/strong><\/a> will accompany you with elegance and refinement, creating moments that will capture your heart forever. From developing a unique concept to bringing every detail to life, we offer you an experience that is as seamless as it is magical. With Eden My Event, your \u201cI do\u201d becomes a symphony of love in the red city.<\/p>\t\t\t\t\t\t\t\t<\/div>\n\t\t\t\t<\/div>\n\t\t\t\t\t<\/div>\n\t\t\t\t<\/div>\n\t\t<div class=\"elementor-element elementor-element-75c6a20 e-con-full e-flex e-con e-parent\" data-id=\"75c6a20\" data-element_type=\"container\">\n\t\t\t\t<div class=\"elementor-element elementor-element-25606e1 sectio_h2 elementor-widget elementor-widget-teconce_about_v2\" data-id=\"25606e1\" data-element_type=\"widget\" data-widget_type=\"teconce_about_v2.default\">\n\t\t\t\t<div class=\"elementor-widget-container\">\n\t\t\t\t\t        <!-- ABOUT OUR COMPANY START-->\n        <div class=\"sw__about-company pt-100 pb-70 sw--Bg-color-Gray80\">\n            <div class=\"sw__about-company-wrapper\">\n                <div class=\"container container-1290\">\n                    <div class=\"row align-items-center g-30\">\n                        <div class=\"col-lg-6\">\n                            <div class=\"sw__about-company-image position-relative\">\n                                <div class=\"sw__about-company-image-main\">\n                                    <img decoding=\"async\" class=\"sw--border-radius\" src=\"https:\/\/edenmyevent.com\/wp-content\/uploads\/2025\/04\/Meeting-Convention-and-Event-Planners.jpg\" alt=\"\">\n                                <\/div>\n                                <div class=\"sw__about-company-image-card pt-30 pl-55 pr-55 pb-40 sw--Bg-color-white text-center sw--border-radius\">\n                                    <img decoding=\"async\" src=\"\" alt=\"\">\n                                    <h4 class=\"sw--fs-21 sw--color-black-900  pt-15\"><\/h4>\n                                    <p class=\"sw--fs-16 sw--color-black-900\"><\/p>\n                                <\/div>\n                                                                <div class=\"sw__about-company-shape d-none d-xl-block\">\n                                    <img decoding=\"async\" src=\"https:\/\/bissful.main.themepreview.xyz\/home01\/wp-content\/uploads\/sites\/2\/2024\/04\/about-company-shape.png\" alt=\"\">\n                                <\/div>\n                                                            <\/div>\n                        <\/div>\n                        <div class=\"col-lg-6\">\n                            <div class=\"sw__about-company-content\">\n                                <h6 class=\"sw__about-company-content-sub-title sw--fs-12 sw--color-brown  mb-10\"><\/h6>\n                                <h2 class=\"sw__about-company-content-title sw--fs-50 sw--color-black-900  mb-20\">Luxury wedding planning in Marrakech with Eden My Event<\/h2>\n                                <p class=\"sw__about-company-content-text sw--fs-16 sw--color-black-800\">Imaginez un mariage o\u00f9 luxe et authenticit\u00e9 marocaine se rencontrent dans une harmonie parfaite. <span> <a href=\"https:\/\/edenmyevent.com\/en\/wedding-planner-marrakech\/\"><strong>Chez Eden My Event , nous concevons des mariages de luxe qui transcendent vos attentes <\/strong><\/a><\/span> Que ce soit sous les \u00e9toiles scintillantes d\u2019un jardin exotique ou dans l\u2019opulence d\u2019un palais historique, chaque instant est con\u00e7u pour \u00eatre inoubliable. Avec notre touche d\u2019\u00e9l\u00e9gance et notre souci du d\u00e9tail, votre mariage \u00e0 Marrakech devient une v\u00e9ritable ode \u00e0 l\u2019amour.<\/p>\n                                <div class=\"sw__about-company-content-list pt-30\">\n                                    <ul>\n\t\t\t\t\t\t\t\t\t\t                                            <li class=\"sw--fs-21 sw--color-black-900  d-flex align-items-center gap-3\">\n\t\t\t\t\t\t\t\t\t\t\t\t\t\t\t\t\t\t\t\t\t\t\t\t                                            <\/li>\n\t\t\t\t\t\t\t\t\t\t                                    <\/ul>\n                                <\/div>\n\t\t\t\t\t\t\t\t                                    <div class=\"sw__button sw__about-company-btn mt-30\">\n                                        <a href=\"#\">\n\t\t\t\t\t\t\t\t\t\t\tRead More                                        <\/a>\n                                    <\/div>\n\t\t\t\t\t\t\t\t                            <\/div>\n                        <\/div>\n                    <\/div>\n                <\/div>\n            <\/div>\n        <\/div>\n        <!-- ABOUT OUR COMPANY END -->\n\t\t\t\t\t\t<\/div>\n\t\t\t\t<\/div>\n\t\t\t\t<\/div>\n\t\t<div class=\"elementor-element elementor-element-e55645f e-con-full e-flex e-con e-parent\" data-id=\"e55645f\" data-element_type=\"container\">\n\t\t\t\t<div class=\"elementor-element elementor-element-d85edc6 elementor-widget elementor-widget-teconce_contact\" data-id=\"d85edc6\" data-element_type=\"widget\" data-widget_type=\"teconce_contact.default\">\n\t\t\t\t<div class=\"elementor-widget-container\">\n\t\t\t\t\t        <!-- Contact Start-->\n        <section class=\"sw__contact pt-160 pb-150 position-relative\">\n            <div class=\"sw__contact-wrapper position-relative\">\n                <div class=\"container container-1290\">\n                    <div class=\"row\">\n                        <div class=\"col-lg-6\">\n                            <div class=\"sw__contact-content\">\n\t\t\t\t\t\t\t\t                                    <h6 class=\"sw__contact-sub-title sw--fs-12 sw--color-white\">Eden My Event<\/h6>\n\t\t\t\t\t\t\t\t\t\t\t\t\t\t\t\t                                    <h2 class=\"sw__contact-title sw__pricing-title sw--fs-50 sw--color-white\">\n\t\t\t\t\t\t\t\t\t\tCommencez \u00e0 planifier le mariage de vos r\u00eaves \u00e0 Marrakech d\u00e8s aujourd\u2019hui !                                    <\/h2>\n\t\t\t\t\t\t\t\t\t\t\t\t\t\t\t\t                            <\/div>\n                        <\/div>\n                        <div class=\"col-lg-6\">\n                            <div class=\"sw__contact-form\">\n\t\t\t\t\t\t\t\t                                    <p class=\"sw--fs-12 sw--color-brown  text-center\">Contact<\/p>\n\t\t\t\t\t\t\t\t\t\t\t\t\t\t\t\t                                    <h2 class=\"sw--fs-50 sw--color-brown  text-center\">Request information<\/h2>\n\t\t\t\t\t\t\t\t\t\t\t\t\t\t\t\t\n<div class=\"wpcf7 no-js\" id=\"wpcf7-f208-o1\" lang=\"en-US\" dir=\"ltr\" data-wpcf7-id=\"208\">\n<div class=\"screen-reader-response\"><p role=\"status\" aria-live=\"polite\" aria-atomic=\"true\"><\/p> <ul><\/ul><\/div>\n<form action=\"\/en\/wp-json\/wp\/v2\/pages\/1337#wpcf7-f208-o1\" method=\"post\" class=\"wpcf7-form init\" aria-label=\"Contact form\" novalidate=\"novalidate\" data-status=\"init\" data-trp-original-action=\"\/en\/wp-json\/wp\/v2\/pages\/1337#wpcf7-f208-o1\">\n<fieldset class=\"hidden-fields-container\"><input type=\"hidden\" name=\"_wpcf7\" value=\"208\" \/><input type=\"hidden\" name=\"_wpcf7_version\" value=\"6.1.5\" \/><input type=\"hidden\" name=\"_wpcf7_locale\" value=\"en_US\" \/><input type=\"hidden\" name=\"_wpcf7_unit_tag\" value=\"wpcf7-f208-o1\" \/><input type=\"hidden\" name=\"_wpcf7_container_post\" value=\"0\" \/><input type=\"hidden\" name=\"_wpcf7_posted_data_hash\" value=\"\" \/>\n<\/fieldset>\n<div class=\"sw__contact-home-one pt-50 wow fadeInUp\" data-wow-delay=\"0.5s\">\n                  <div class=\"row g-3\">\n                    <div class=\"col-md-6\">\n<span class=\"wpcf7-form-control-wrap\" data-name=\"your-name\"><input size=\"40\" maxlength=\"400\" class=\"wpcf7-form-control wpcf7-text form-control\" aria-invalid=\"false\" placeholder=\"Full name\" value=\"\" type=\"text\" name=\"your-name\" \/><\/span>\n                    <\/div>\n                    <div class=\"col-md-6\">\n                          <span class=\"wpcf7-form-control-wrap\" data-name=\"your-mail\"><input size=\"40\" maxlength=\"400\" class=\"wpcf7-form-control wpcf7-email wpcf7-text wpcf7-validates-as-email form-control\" aria-invalid=\"false\" placeholder=\"Email\" value=\"\" type=\"email\" name=\"your-mail\" \/><\/span>\n                    <\/div>\n                    <div class=\"col-md-6\">\n<span class=\"wpcf7-form-control-wrap\" data-name=\"tel-202\"><input size=\"40\" maxlength=\"400\" class=\"wpcf7-form-control wpcf7-tel wpcf7-text wpcf7-validates-as-tel form-control\" aria-invalid=\"false\" placeholder=\"Phone\" value=\"\" type=\"tel\" name=\"tel-202\" \/><\/span>\n                    <\/div>\n                    <div class=\"col-md-6\">\n<span class=\"wpcf7-form-control-wrap\" data-name=\"service\"><input size=\"40\" maxlength=\"400\" class=\"wpcf7-form-control wpcf7-text form-control\" aria-invalid=\"false\" placeholder=\"Service\" value=\"\" type=\"text\" name=\"service\" \/><\/span>\n                    <\/div>\n                    <div class=\"col-12\">\n<span class=\"wpcf7-form-control-wrap\" data-name=\"textarea-650\"><textarea cols=\"40\" rows=\"10\" maxlength=\"2000\" class=\"wpcf7-form-control wpcf7-textarea form-control\" aria-invalid=\"false\" placeholder=\"Message\" name=\"textarea-650\"><\/textarea><\/span>\n                    <\/div>\n                    <div class=\"col-12\">\n                      <div class=\"row\">\n                        <div class=\"col-lg-12\">\n\n                        \n                            <input class=\"wpcf7-form-control wpcf7-submit has-spinner btn-contact\" type=\"submit\" value=\"Envoyer\" \/>\n                     \n\n                        <\/div>\n                      <\/div>\n                    <\/div>\n                  <\/div>\n                <\/div><div class=\"wpcf7-response-output\" aria-hidden=\"true\"><\/div>\n<input type=\"hidden\" name=\"trp-form-language\" value=\"en\"\/><\/form>\n<\/div>\n                            <\/div>\n                        <\/div>\n                    <\/div>\n\n                <\/div>\n            <\/div>\n        <\/section>\n        <!-- Contact Start-->\n\t\t\t\t\t\t<\/div>\n\t\t\t\t<\/div>\n\t\t\t\t<\/div>\n\t\t<div class=\"elementor-element elementor-element-bebd661 e-con-full e-flex e-con e-parent\" data-id=\"bebd661\" data-element_type=\"container\">\n\t\t\t\t<div class=\"elementor-element elementor-element-9a83749 wedding_plan elementor-widget elementor-widget-teconce_gallery\" data-id=\"9a83749\" data-element_type=\"widget\" data-widget_type=\"teconce_gallery.default\">\n\t\t\t\t<div class=\"elementor-widget-container\">\n\t\t\t\t\t        <!-- Gallery start -->\n        <section class=\"sw__gallery pb-120 overflow-hidden\">\n            <div class=\"container\">\n\t\t\t\t                <div class=\"sw__gallery-section-items d-flex flex-wrap flex-lg-nowrap gap-3 gap-lg-5 justify-content-between align-items-center mb-60\">\n\t\t\t\t\t                        <div class=\"sw__section-title sw--fs-50 sw--color-black-900  wow fadeInLeft\" data-wow-delay=\"0.3s\">\n\t                         Your All Inclusive Wedding in Marrakech by Eden My Event                        <\/div>\n\t\t\t\t\t\t\t\t\t\t                        <div class=\"sw__section-description sw--color-black-800 sw--fs-16 wow fadeInRight translation-block\" data-wow-delay=\"0.3s\">Why worry about the details when <a href=\"https:\/\/edenmyevent.com\/en\/\" target=\"_self\"><strong>Eden My Event<\/strong><\/a> can take care of everything? Our <span> <a href=\"https:\/\/edenmyevent.com\/en\/wedding-planner-marrakech\/\" target=\"_self\"><strong>all-inclusive wedding package in Marrakech<\/strong><\/a><\/span>  allows you to enjoy every moment to the fullest without any stress. Whether you are looking for a <span> <a href=\"https:\/\/edenmyevent.com\/en\/wedding-planner-marrakech\/\" target=\"_self\"><strong>turnkey wedding in Marrakech<\/strong><\/a><\/span>  or a <span> <a href=\"https:\/\/edenmyevent.com\/en\/wedding-planner-marrakech\/\" target=\"\u201c_self\u201d\"><strong>wedding package in Marrakech<\/strong><\/a><\/span>, we take care of everything. The ideal venue, floral decorations, gourmet catering, <span> <a href=\"https:\/\/photographeinmarrakech.com\/photographe-mariage\/\" target=\"_blank\" rel=\"noopener\"><strong>professional wedding photographer<\/strong><\/a><\/span> , enchanting music... We will orchestrate every aspect of your special day so that everything is perfectly aligned with your dreams.<\/div>\n\t\t\t\t\t                <\/div>\n                <div class=\"row g-30 mt-none-30 sw__gallery-images align-items-center\">\n                                        <div class=\"col-lg-6 col-md-12 text-center sw__shine_animation position-relative overflow-hidden wow fadeInLeft\" data-wow-delay=\"0.3s\">\n                        <img decoding=\"async\" data-lity src=\"https:\/\/bissful.main.themepreview.xyz\/home01\/wp-content\/uploads\/sites\/2\/2024\/05\/06-1.jpg\" alt=\"\">\n                    <\/div>\n                                        <div class=\"col-lg-3 col-md-6 text-center sw__shine_animation position-relative overflow-hidden wow fadeInLeft\" data-wow-delay=\"0.5s\">\n                        <img decoding=\"async\" data-lity src=\"https:\/\/bissful.main.themepreview.xyz\/home01\/wp-content\/uploads\/sites\/2\/2024\/05\/04-1.jpg\" alt=\"\">\n                    <\/div>\n                                        <div class=\"col-lg-3 col-md-6 text-center sw__shine_animation position-relative overflow-hidden wow fadeInLeft\" data-wow-delay=\"0.7s\">\n                        <img decoding=\"async\" data-lity src=\"https:\/\/bissful.main.themepreview.xyz\/home01\/wp-content\/uploads\/sites\/2\/2024\/05\/02-1.jpg\" alt=\"\">\n                    <\/div>\n                    \n                <\/div>\n            <\/div>\n        <\/section>\n        <!-- Gallery end -->\n\t\t\t\t\t\t<\/div>\n\t\t\t\t<\/div>\n\t\t\t\t<\/div>\n\t\t<div class=\"elementor-element elementor-element-7164c55 e-con-full e-flex e-con e-parent\" data-id=\"7164c55\" data-element_type=\"container\" data-settings=\"{&quot;background_background&quot;:&quot;classic&quot;}\">\n\t\t\t\t<div class=\"elementor-element elementor-element-496f23d wedd_section elementor-widget elementor-widget-teconce_about\" data-id=\"496f23d\" data-element_type=\"widget\" data-widget_type=\"teconce_about.default\">\n\t\t\t\t<div class=\"elementor-widget-container\">\n\t\t\t\t\t        <!-- About us start -->\n        <section class=\"sw__about pb-100\">\n            <div class=\"container\">\n                <div class=\"row gx-30\">\n                    <div class=\"col-lg-6\">\n                        <div class=\"sw__about-content pt-65\">\n\t\t\t\t\t\t\t                                <div class=\"sw__section-subtitle sw--color-brown sw--fs-12  mb-10 wow fadeInLeft\">\n\t\t\t\t\t\t\t\t\tEden My Event                                <\/div>\n\t\t\t\t\t\t\t\t\t\t\t\t\t\t                                <div class=\"sw__section-title sw--fs-50 sw--color-black-900  mb-20 wow fadeInLeft\" data-wow-delay=\"0.3s\">\n\t\t\t\t\t\t\t\t\tGetting married in Marrakech, why choose Eden My Event?                                <\/div>\n\t\t\t\t\t\t\t\t\t\t\t\t\t\t                                <div class=\"sw__section-description sw--color-black-800 sw--fs-16 mb-40 wow fadeInLeft translation-block\" data-wow-delay=\"0.6s\">Marrakech is not just a destination; it is a sensory escape, an ode to beauty and culture. And with Eden My Event <span> <a href=\"https:\/\/edenmyevent.com\/en\/\" target=\"_self\"><strong> Best wedding planner agency in Marrakech<\/strong><\/a><\/span>, this beauty becomes the backdrop for your love. Our local expertise and passion for creativity guarantee an authentic, personalized, and unforgettable wedding. Let us be the architects of your fairy tale in this magical city.<\/div>\n\t\t\t\t\t\t\t                                                    <\/div>\n                    <\/div>\n                    <div class=\"col-lg-6 d-flex justify-content-lg-end justify-content-center\">\n                        <div class=\"sw__about-video wow fadeInRight\" data-wow-delay=\"0.6s\">\n                                                    <\/div>\n                    <\/div>\n                <\/div>\n            <\/div>\n        <\/section>\n        <!-- About us end -->\n\t\t\t\t\t\t<\/div>\n\t\t\t\t<\/div>\n\t\t\t\t<\/div>\n\t\t<div class=\"elementor-element elementor-element-9c68cce e-con-full e-flex e-con e-parent\" data-id=\"9c68cce\" data-element_type=\"container\" data-settings=\"{&quot;background_background&quot;:&quot;classic&quot;}\">\n\t\t\t\t<\/div>\n\t\t<div class=\"elementor-element elementor-element-d8dbdf8 e-flex e-con-boxed e-con e-parent\" data-id=\"d8dbdf8\" data-element_type=\"container\">\n\t\t\t\t\t<div class=\"e-con-inner\">\n\t\t<div class=\"elementor-element elementor-element-1619c8a e-con-full e-flex e-con e-child\" data-id=\"1619c8a\" data-element_type=\"container\" data-settings=\"{&quot;background_background&quot;:&quot;classic&quot;}\">\n\t\t\t\t<\/div>\n\t\t<div class=\"elementor-element elementor-element-e218605 e-con-full e-flex e-con e-child\" data-id=\"e218605\" data-element_type=\"container\">\n\t\t\t\t<div class=\"elementor-element elementor-element-da34fd9 elementor-widget elementor-widget-heading\" data-id=\"da34fd9\" data-element_type=\"widget\" data-widget_type=\"heading.default\">\n\t\t\t\t<div class=\"elementor-widget-container\">\n\t\t\t\t\t<h2 class=\"elementor-heading-title elementor-size-default\">Discover our Villas to Rent for Weddings in Marrakech<\/h2>\t\t\t\t<\/div>\n\t\t\t\t<\/div>\n\t\t\t\t<div class=\"elementor-element elementor-element-06be75c elementor-widget elementor-widget-text-editor\" data-id=\"06be75c\" data-element_type=\"widget\" data-widget_type=\"text-editor.default\">\n\t\t\t\t<div class=\"elementor-widget-container\">\n\t\t\t\t\t\t\t\t\tDo you dream of an intimate and exclusive setting for your big day? Eden My Event offers you an exquisite selection of private villas to rent for weddings in Marrakech . Whether it's a villa with swimming pool hidden away in an oasis of greenery or a majestic estate at the gateway to the Atlas Mountains, our unique locations promise an atmosphere worthy of the most beautiful love stories. Each villa tells its own story, just waiting to welcome yours.\t\t\t\t\t\t\t\t<\/div>\n\t\t\t\t<\/div>\n\t\t\t\t<\/div>\n\t\t\t\t\t<\/div>\n\t\t\t\t<\/div>\n\t\t<div class=\"elementor-element elementor-element-6e03c79 e-flex e-con-boxed e-con e-parent\" data-id=\"6e03c79\" data-element_type=\"container\" data-settings=\"{&quot;background_background&quot;:&quot;classic&quot;}\">\n\t\t\t\t\t<div class=\"e-con-inner\">\n\t\t\t\t<div class=\"elementor-element elementor-element-ee21029 elementor-invisible elementor-widget elementor-widget-heading\" data-id=\"ee21029\" data-element_type=\"widget\" data-settings=\"{&quot;_animation&quot;:&quot;fadeIn&quot;}\" data-widget_type=\"heading.default\">\n\t\t\t\t<div class=\"elementor-widget-container\">\n\t\t\t\t\t<h2 class=\"elementor-heading-title elementor-size-default\">Party et Event  Planner \u00e0 Marrakech par Eden My Event<\/h2>\t\t\t\t<\/div>\n\t\t\t\t<\/div>\n\t\t\t\t<div class=\"elementor-element elementor-element-3f58f77 elementor-invisible elementor-widget elementor-widget-text-editor\" data-id=\"3f58f77\" data-element_type=\"widget\" data-settings=\"{&quot;_animation&quot;:&quot;fadeInUp&quot;}\" data-widget_type=\"text-editor.default\">\n\t\t\t\t<div class=\"elementor-widget-container\">\n\t\t\t\t\t\t\t\t\tWhether you're planning a flamboyant birthday party, a glamorous private celebration or a breathtaking corporate event, Eden My Event is here to create evenings that shine. Our team knows how to ignite the magic, transforming your ideas into vibrant, unforgettable experiences. Entrust us with your dreams, and let us orchestrate an evening your guests will be talking about for a long time to come.\t\t\t\t\t\t\t\t<\/div>\n\t\t\t\t<\/div>\n\t\t\t\t\t<\/div>\n\t\t\t\t<\/div>\n\t\t\t\t<\/div>","protected":false},"excerpt":{"rendered":"<p>Wedding Planner \u00e0 Marrakech par Eden My Event Laissez Eden My Event transformer votre r\u00eave de mariage \u00e0 Marrakech en une r\u00e9alit\u00e9 enchant\u00e9e. Notre \u00e9quipe de wedding planners passionn\u00e9s \u00e0 Marrakech vous accompagne avec \u00e9l\u00e9gance et raffinement, cr\u00e9ant des moments qui captureront \u00e0 jamais votre c\u0153ur. De l\u2019\u00e9laboration d\u2019un concept unique \u00e0 la r\u00e9alisation de [&hellip;]<\/p>\n","protected":false},"author":1,"featured_media":0,"parent":0,"menu_order":0,"comment_status":"closed","ping_status":"closed","template":"elementor_header_footer","meta":{"_acf_changed":false,"_joinchat":[],"footnotes":""},"class_list":["post-1337","page","type-page","status-publish","hentry"],"acf":[],"_links":{"self":[{"href":"https:\/\/edenmyevent.com\/en\/wp-json\/wp\/v2\/pages\/1337","targetHints":{"allow":["GET"]}}],"collection":[{"href":"https:\/\/edenmyevent.com\/en\/wp-json\/wp\/v2\/pages"}],"about":[{"href":"https:\/\/edenmyevent.com\/en\/wp-json\/wp\/v2\/types\/page"}],"author":[{"embeddable":true,"href":"https:\/\/edenmyevent.com\/en\/wp-json\/wp\/v2\/users\/1"}],"replies":[{"embeddable":true,"href":"https:\/\/edenmyevent.com\/en\/wp-json\/wp\/v2\/comments?post=1337"}],"version-history":[{"count":79,"href":"https:\/\/edenmyevent.com\/en\/wp-json\/wp\/v2\/pages\/1337\/revisions"}],"predecessor-version":[{"id":1921,"href":"https:\/\/edenmyevent.com\/en\/wp-json\/wp\/v2\/pages\/1337\/revisions\/1921"}],"wp:attachment":[{"href":"https:\/\/edenmyevent.com\/en\/wp-json\/wp\/v2\/media?parent=1337"}],"curies":[{"name":"wp","href":"https:\/\/api.w.org\/{rel}","templated":true}]}}